{"id":217,"date":"2021-09-22T11:13:52","date_gmt":"2021-09-22T11:13:52","guid":{"rendered":"https:\/\/nutritionalcoaching.einatec.com\/?product=hoodie-with-logo"},"modified":"2023-05-24T11:35:25","modified_gmt":"2023-05-24T09:35:25","slug":"planificacion-nutricional-y-deportiva-personalizada","status":"publish","type":"product","link":"https:\/\/nutritionalcoaching.com\/en\/product\/planificacion-nutricional-y-deportiva-personalizada\/","title":{"rendered":"Planificaci\u00f3n nutricional y deportiva personalizada"},"content":{"rendered":"<p><strong>Coordinadores<\/strong>: Aritz Urdampilleta, Jaime Gim\u00e9nez, Enrique Roche<br \/>\n<strong>Pr\u00f3logo<\/strong>: Jose Mar\u00eda Ordov\u00e1s y Marta Garaulet<br \/>\n<strong>Descripci\u00f3n<\/strong>:Un libro que aborda de forma integral aspectos tan importantes como la Nutrici\u00f3n, entrenamiento deportivo, suplementaci\u00f3n, ayudas Ergonutricionales y estrategias motivacionales en el deporte. Este libro aporta los cimientos para adquirir las competencias para la realizaci\u00f3n de una buena planificaci\u00f3n nutricional y deportiva personalizada. Detalla las necesidades en deportes de resistencia, fuerza, deportes de larga y muy larga duraci\u00f3n, alpinismo, deportes de raqueta, equipo, fuerza-resistencia, velocidad etc. para todo tipo de personas (amateur, alto rendimiento, salud, enfermedad\u2026)<br \/>\nAdem\u00e1s incluye las \u00faltimas investigaciones sobre interacciones f\u00e1rmaco-nutricionales y pone de relieve la importancia de las estrategias motivacionales m\u00e1s actuales para conseguir la m\u00e1xima adherencia y rendimiento deportivo.<\/p>\n<p><strong style=\"color: #017c88; font-size: 22px;\">40,00\u20ac <span style=\"font-size: 16px;\">&#8211; Papel<\/span><\/strong><\/p>","protected":false},"excerpt":{"rendered":"<p><strong>40,00\u20ac &#8211; Papel<\/strong><\/p>\n<p><span style=\"color: #1d1717;\">Un libro que aporta informaci\u00f3n innovadora que permite personalizar las intervenciones nutricionales y\/o deportivas.<\/span><\/p>","protected":false},"featured_media":220,"comment_status":"closed","ping_status":"closed","template":"","meta":{"_joinchat":[]},"product_brand":[],"product_cat":[737,22],"product_tag":[],"class_list":{"0":"post-217","1":"product","2":"type-product","3":"status-publish","4":"has-post-thumbnail","6":"product_cat-libreria","7":"product_cat-proyectos-editoriales","9":"first","10":"outofstock","11":"taxable","12":"shipping-taxable","13":"purchasable","14":"product-type-simple"},"yoast_head":"<!-- This site is optimized with the Yoast SEO plugin v27.4 - https:\/\/yoast.com\/product\/yoast-seo-wordpress\/ -->\n<title>Planificaci\u00f3n nutricional y deportiva personalizada - Nutritional Coaching<\/title>\n<meta name=\"description\" content=\"Planificaci\u00f3n nutricional y deportiva personalizada. Un libro que aborda de forma integral aspectos importantes de nutrici\u00f3n.\" \/>\n<meta name=\"robots\" content=\"index, follow, max-snippet:-1, max-image-preview:large, max-video-preview:-1\" \/>\n<link rel=\"canonical\" href=\"https:\/\/nutritionalcoaching.com\/en\/product\/planificacion-nutricional-y-deportiva-personalizada\/\" \/>\n<meta property=\"og:locale\" content=\"en_US\" \/>\n<meta property=\"og:type\" content=\"article\" \/>\n<meta property=\"og:title\" content=\"Planificaci\u00f3n nutricional y deportiva personalizada - Nutritional Coaching\" \/>\n<meta property=\"og:description\" content=\"Planificaci\u00f3n nutricional y deportiva personalizada. Un libro que aborda de forma integral aspectos importantes de nutrici\u00f3n.\" \/>\n<meta property=\"og:url\" content=\"https:\/\/nutritionalcoaching.com\/en\/product\/planificacion-nutricional-y-deportiva-personalizada\/\" \/>\n<meta property=\"og:site_name\" content=\"Nutritional Coaching\" \/>\n<meta property=\"article:publisher\" content=\"https:\/\/www.facebook.com\/Nutritional-Coaching-Experts-en-nutrici-93749075049\/\" \/>\n<meta property=\"article:modified_time\" content=\"2023-05-24T09:35:25+00:00\" \/>\n<meta property=\"og:image\" content=\"https:\/\/nutritionalcoaching.com\/wp-content\/uploads\/2021\/09\/Planificacio\u0301n-nutricional-y-deportiva-personalizada.jpg\" \/>\n\t<meta property=\"og:image:width\" content=\"576\" \/>\n\t<meta property=\"og:image:height\" content=\"726\" \/>\n\t<meta property=\"og:image:type\" content=\"image\/jpeg\" \/>\n<meta name=\"twitter:card\" content=\"summary_large_image\" \/>\n<meta name=\"twitter:site\" content=\"@Nutricioncoach\" \/>\n<script type=\"application\/ld+json\" class=\"yoast-schema-graph\">{\"@context\":\"https:\\\/\\\/schema.org\",\"@graph\":[{\"@type\":\"WebPage\",\"@id\":\"https:\\\/\\\/nutritionalcoaching.com\\\/producto\\\/planificacion-nutricional-y-deportiva-personalizada\\\/\",\"url\":\"https:\\\/\\\/nutritionalcoaching.com\\\/producto\\\/planificacion-nutricional-y-deportiva-personalizada\\\/\",\"name\":\"Planificaci\u00f3n nutricional y deportiva personalizada - Nutritional Coaching\",\"isPartOf\":{\"@id\":\"https:\\\/\\\/nutritionalcoaching.com\\\/#website\"},\"primaryImageOfPage\":{\"@id\":\"https:\\\/\\\/nutritionalcoaching.com\\\/producto\\\/planificacion-nutricional-y-deportiva-personalizada\\\/#primaryimage\"},\"image\":{\"@id\":\"https:\\\/\\\/nutritionalcoaching.com\\\/producto\\\/planificacion-nutricional-y-deportiva-personalizada\\\/#primaryimage\"},\"thumbnailUrl\":\"https:\\\/\\\/i0.wp.com\\\/nutritionalcoaching.com\\\/wp-content\\\/uploads\\\/2021\\\/09\\\/Planificacio%CC%81n-nutricional-y-deportiva-personalizada.jpg?fit=576%2C726&ssl=1\",\"datePublished\":\"2021-09-22T11:13:52+00:00\",\"dateModified\":\"2023-05-24T09:35:25+00:00\",\"description\":\"Planificaci\u00f3n nutricional y deportiva personalizada. Un libro que aborda de forma integral aspectos importantes de nutrici\u00f3n.\",\"breadcrumb\":{\"@id\":\"https:\\\/\\\/nutritionalcoaching.com\\\/producto\\\/planificacion-nutricional-y-deportiva-personalizada\\\/#breadcrumb\"},\"inLanguage\":\"en-US\",\"potentialAction\":[{\"@type\":\"ReadAction\",\"target\":[\"https:\\\/\\\/nutritionalcoaching.com\\\/producto\\\/planificacion-nutricional-y-deportiva-personalizada\\\/\"]}]},{\"@type\":\"ImageObject\",\"inLanguage\":\"en-US\",\"@id\":\"https:\\\/\\\/nutritionalcoaching.com\\\/producto\\\/planificacion-nutricional-y-deportiva-personalizada\\\/#primaryimage\",\"url\":\"https:\\\/\\\/i0.wp.com\\\/nutritionalcoaching.com\\\/wp-content\\\/uploads\\\/2021\\\/09\\\/Planificacio%CC%81n-nutricional-y-deportiva-personalizada.jpg?fit=576%2C726&ssl=1\",\"contentUrl\":\"https:\\\/\\\/i0.wp.com\\\/nutritionalcoaching.com\\\/wp-content\\\/uploads\\\/2021\\\/09\\\/Planificacio%CC%81n-nutricional-y-deportiva-personalizada.jpg?fit=576%2C726&ssl=1\",\"width\":576,\"height\":726},{\"@type\":\"BreadcrumbList\",\"@id\":\"https:\\\/\\\/nutritionalcoaching.com\\\/producto\\\/planificacion-nutricional-y-deportiva-personalizada\\\/#breadcrumb\",\"itemListElement\":[{\"@type\":\"ListItem\",\"position\":1,\"name\":\"Home\",\"item\":\"https:\\\/\\\/nutritionalcoaching.com\\\/\"},{\"@type\":\"ListItem\",\"position\":2,\"name\":\"Librer\u00eda\",\"item\":\"https:\\\/\\\/nutritionalcoaching.com\\\/libreria\\\/\"},{\"@type\":\"ListItem\",\"position\":3,\"name\":\"Planificaci\u00f3n nutricional y deportiva personalizada\"}]},{\"@type\":\"WebSite\",\"@id\":\"https:\\\/\\\/nutritionalcoaching.com\\\/#website\",\"url\":\"https:\\\/\\\/nutritionalcoaching.com\\\/\",\"name\":\"Nutritional Coaching\",\"description\":\"Expertos en nutrici\u00f3n\",\"publisher\":{\"@id\":\"https:\\\/\\\/nutritionalcoaching.com\\\/#organization\"},\"alternateName\":\"Nutritional\",\"potentialAction\":[{\"@type\":\"SearchAction\",\"target\":{\"@type\":\"EntryPoint\",\"urlTemplate\":\"https:\\\/\\\/nutritionalcoaching.com\\\/?s={search_term_string}\"},\"query-input\":{\"@type\":\"PropertyValueSpecification\",\"valueRequired\":true,\"valueName\":\"search_term_string\"}}],\"inLanguage\":\"en-US\"},{\"@type\":\"Organization\",\"@id\":\"https:\\\/\\\/nutritionalcoaching.com\\\/#organization\",\"name\":\"Nutritional Coaching\",\"alternateName\":\"Nutritional\",\"url\":\"https:\\\/\\\/nutritionalcoaching.com\\\/\",\"logo\":{\"@type\":\"ImageObject\",\"inLanguage\":\"en-US\",\"@id\":\"https:\\\/\\\/nutritionalcoaching.com\\\/#\\\/schema\\\/logo\\\/image\\\/\",\"url\":\"https:\\\/\\\/i0.wp.com\\\/nutritionalcoaching.com\\\/wp-content\\\/uploads\\\/2021\\\/11\\\/logo_nutritional.png?fit=300%2C79&ssl=1\",\"contentUrl\":\"https:\\\/\\\/i0.wp.com\\\/nutritionalcoaching.com\\\/wp-content\\\/uploads\\\/2021\\\/11\\\/logo_nutritional.png?fit=300%2C79&ssl=1\",\"width\":300,\"height\":79,\"caption\":\"Nutritional Coaching\"},\"image\":{\"@id\":\"https:\\\/\\\/nutritionalcoaching.com\\\/#\\\/schema\\\/logo\\\/image\\\/\"},\"sameAs\":[\"https:\\\/\\\/www.facebook.com\\\/Nutritional-Coaching-Experts-en-nutrici-93749075049\\\/\",\"https:\\\/\\\/x.com\\\/Nutricioncoach\",\"https:\\\/\\\/www.instagram.com\\\/nutritional_coaching\\\/\",\"https:\\\/\\\/my.linkedin.com\\\/company\\\/nutritional-coaching\",\"https:\\\/\\\/www.youtube.com\\\/user\\\/NUTRITIONALCOACHING\"]}]}<\/script>\n<!-- \/ Yoast SEO plugin. -->","yoast_head_json":{"title":"Planificaci\u00f3n nutricional y deportiva personalizada - Nutritional Coaching","description":"Planificaci\u00f3n nutricional y deportiva personalizada. Un libro que aborda de forma integral aspectos importantes de nutrici\u00f3n.","robots":{"index":"index","follow":"follow","max-snippet":"max-snippet:-1","max-image-preview":"max-image-preview:large","max-video-preview":"max-video-preview:-1"},"canonical":"https:\/\/nutritionalcoaching.com\/en\/product\/planificacion-nutricional-y-deportiva-personalizada\/","og_locale":"en_US","og_type":"article","og_title":"Planificaci\u00f3n nutricional y deportiva personalizada - Nutritional Coaching","og_description":"Planificaci\u00f3n nutricional y deportiva personalizada. Un libro que aborda de forma integral aspectos importantes de nutrici\u00f3n.","og_url":"https:\/\/nutritionalcoaching.com\/en\/product\/planificacion-nutricional-y-deportiva-personalizada\/","og_site_name":"Nutritional Coaching","article_publisher":"https:\/\/www.facebook.com\/Nutritional-Coaching-Experts-en-nutrici-93749075049\/","article_modified_time":"2023-05-24T09:35:25+00:00","og_image":[{"width":576,"height":726,"url":"https:\/\/nutritionalcoaching.com\/wp-content\/uploads\/2021\/09\/Planificacio\u0301n-nutricional-y-deportiva-personalizada.jpg","type":"image\/jpeg"}],"twitter_card":"summary_large_image","twitter_site":"@Nutricioncoach","schema":{"@context":"https:\/\/schema.org","@graph":[{"@type":"WebPage","@id":"https:\/\/nutritionalcoaching.com\/producto\/planificacion-nutricional-y-deportiva-personalizada\/","url":"https:\/\/nutritionalcoaching.com\/producto\/planificacion-nutricional-y-deportiva-personalizada\/","name":"Planificaci\u00f3n nutricional y deportiva personalizada - Nutritional Coaching","isPartOf":{"@id":"https:\/\/nutritionalcoaching.com\/#website"},"primaryImageOfPage":{"@id":"https:\/\/nutritionalcoaching.com\/producto\/planificacion-nutricional-y-deportiva-personalizada\/#primaryimage"},"image":{"@id":"https:\/\/nutritionalcoaching.com\/producto\/planificacion-nutricional-y-deportiva-personalizada\/#primaryimage"},"thumbnailUrl":"https:\/\/i0.wp.com\/nutritionalcoaching.com\/wp-content\/uploads\/2021\/09\/Planificacio%CC%81n-nutricional-y-deportiva-personalizada.jpg?fit=576%2C726&ssl=1","datePublished":"2021-09-22T11:13:52+00:00","dateModified":"2023-05-24T09:35:25+00:00","description":"Planificaci\u00f3n nutricional y deportiva personalizada. Un libro que aborda de forma integral aspectos importantes de nutrici\u00f3n.","breadcrumb":{"@id":"https:\/\/nutritionalcoaching.com\/producto\/planificacion-nutricional-y-deportiva-personalizada\/#breadcrumb"},"inLanguage":"en-US","potentialAction":[{"@type":"ReadAction","target":["https:\/\/nutritionalcoaching.com\/producto\/planificacion-nutricional-y-deportiva-personalizada\/"]}]},{"@type":"ImageObject","inLanguage":"en-US","@id":"https:\/\/nutritionalcoaching.com\/producto\/planificacion-nutricional-y-deportiva-personalizada\/#primaryimage","url":"https:\/\/i0.wp.com\/nutritionalcoaching.com\/wp-content\/uploads\/2021\/09\/Planificacio%CC%81n-nutricional-y-deportiva-personalizada.jpg?fit=576%2C726&ssl=1","contentUrl":"https:\/\/i0.wp.com\/nutritionalcoaching.com\/wp-content\/uploads\/2021\/09\/Planificacio%CC%81n-nutricional-y-deportiva-personalizada.jpg?fit=576%2C726&ssl=1","width":576,"height":726},{"@type":"BreadcrumbList","@id":"https:\/\/nutritionalcoaching.com\/producto\/planificacion-nutricional-y-deportiva-personalizada\/#breadcrumb","itemListElement":[{"@type":"ListItem","position":1,"name":"Home","item":"https:\/\/nutritionalcoaching.com\/"},{"@type":"ListItem","position":2,"name":"Librer\u00eda","item":"https:\/\/nutritionalcoaching.com\/libreria\/"},{"@type":"ListItem","position":3,"name":"Planificaci\u00f3n nutricional y deportiva personalizada"}]},{"@type":"WebSite","@id":"https:\/\/nutritionalcoaching.com\/#website","url":"https:\/\/nutritionalcoaching.com\/","name":"Nutritional Coaching","description":"Expertos en nutrici\u00f3n","publisher":{"@id":"https:\/\/nutritionalcoaching.com\/#organization"},"alternateName":"Nutritional","potentialAction":[{"@type":"SearchAction","target":{"@type":"EntryPoint","urlTemplate":"https:\/\/nutritionalcoaching.com\/?s={search_term_string}"},"query-input":{"@type":"PropertyValueSpecification","valueRequired":true,"valueName":"search_term_string"}}],"inLanguage":"en-US"},{"@type":"Organization","@id":"https:\/\/nutritionalcoaching.com\/#organization","name":"Nutritional Coaching","alternateName":"Nutritional","url":"https:\/\/nutritionalcoaching.com\/","logo":{"@type":"ImageObject","inLanguage":"en-US","@id":"https:\/\/nutritionalcoaching.com\/#\/schema\/logo\/image\/","url":"https:\/\/i0.wp.com\/nutritionalcoaching.com\/wp-content\/uploads\/2021\/11\/logo_nutritional.png?fit=300%2C79&ssl=1","contentUrl":"https:\/\/i0.wp.com\/nutritionalcoaching.com\/wp-content\/uploads\/2021\/11\/logo_nutritional.png?fit=300%2C79&ssl=1","width":300,"height":79,"caption":"Nutritional Coaching"},"image":{"@id":"https:\/\/nutritionalcoaching.com\/#\/schema\/logo\/image\/"},"sameAs":["https:\/\/www.facebook.com\/Nutritional-Coaching-Experts-en-nutrici-93749075049\/","https:\/\/x.com\/Nutricioncoach","https:\/\/www.instagram.com\/nutritional_coaching\/","https:\/\/my.linkedin.com\/company\/nutritional-coaching","https:\/\/www.youtube.com\/user\/NUTRITIONALCOACHING"]}]}},"jetpack_sharing_enabled":true,"_links":{"self":[{"href":"https:\/\/nutritionalcoaching.com\/en\/wp-json\/wp\/v2\/product\/217","targetHints":{"allow":["GET"]}}],"collection":[{"href":"https:\/\/nutritionalcoaching.com\/en\/wp-json\/wp\/v2\/product"}],"about":[{"href":"https:\/\/nutritionalcoaching.com\/en\/wp-json\/wp\/v2\/types\/product"}],"replies":[{"embeddable":true,"href":"https:\/\/nutritionalcoaching.com\/en\/wp-json\/wp\/v2\/comments?post=217"}],"version-history":[{"count":0,"href":"https:\/\/nutritionalcoaching.com\/en\/wp-json\/wp\/v2\/product\/217\/revisions"}],"wp:featuredmedia":[{"embeddable":true,"href":"https:\/\/nutritionalcoaching.com\/en\/wp-json\/wp\/v2\/media\/220"}],"wp:attachment":[{"href":"https:\/\/nutritionalcoaching.com\/en\/wp-json\/wp\/v2\/media?parent=217"}],"wp:term":[{"taxonomy":"product_brand","embeddable":true,"href":"https:\/\/nutritionalcoaching.com\/en\/wp-json\/wp\/v2\/product_brand?post=217"},{"taxonomy":"product_cat","embeddable":true,"href":"https:\/\/nutritionalcoaching.com\/en\/wp-json\/wp\/v2\/product_cat?post=217"},{"taxonomy":"product_tag","embeddable":true,"href":"https:\/\/nutritionalcoaching.com\/en\/wp-json\/wp\/v2\/product_tag?post=217"}],"curies":[{"name":"wp","href":"https:\/\/api.w.org\/{rel}","templated":true}]}}