{"id":19327,"date":"2021-01-31T08:54:32","date_gmt":"2021-01-31T07:54:32","guid":{"rendered":"https:\/\/nutritionalcoaching.com\/?post_type=product&#038;p=19327"},"modified":"2023-01-31T09:50:08","modified_gmt":"2023-01-31T08:50:08","slug":"coaching-salud-pacientes-medicos","status":"publish","type":"product","link":"https:\/\/nutritionalcoaching.com\/en\/product\/coaching-salud-pacientes-medicos\/","title":{"rendered":"Coaching y Salud. Pacientes y m\u00e9dicos: una nueva actitud"},"content":{"rendered":"<p><strong>Autores: <\/strong>Dra. Jaci Molins<br \/>\n<strong>Descripci\u00f3n:<\/strong> Coaching y salud es un libro de divulgaci\u00f3n cient\u00edfica dirigido tanto a profesionales de la salud, m\u00e9dicos, enfermeras, fisioterapeutas, como a pacientes. Muestra c\u00f3mo con el \u00abcoaching\u00bb (proceso de cambio para obtener objetivos) se pueden conseguir mejores resultados en los tratamientos de enfermedades cr\u00f3nicas as\u00ed como en la aplicaci\u00f3n de medidas preventivas.<\/p>\n<p><strong style=\"color: #017c88; font-size: 22px;\">18,00\u20ac <span style=\"font-size: 16px;\">\u2013 Papel<\/span><\/strong><\/p>","protected":false},"excerpt":{"rendered":"<p><strong>18,00\u20ac \u2013 Papel<\/strong><\/p>\n<p><span style=\"color: #1d1717;\">Coaching y salud es un libro de divulgaci\u00f3n cient\u00edfica dirigido tanto a profesionales de la salud, m\u00e9dicos, enfermeras, fisioterapeutas, como a pacientes.<\/span><\/p>","protected":false},"featured_media":19329,"comment_status":"closed","ping_status":"closed","template":"","meta":{"_joinchat":[]},"product_brand":[],"product_cat":[737,22],"product_tag":[],"class_list":{"0":"post-19327","1":"product","2":"type-product","3":"status-publish","4":"has-post-thumbnail","6":"product_cat-libreria","7":"product_cat-proyectos-editoriales","9":"first","10":"instock","11":"taxable","12":"shipping-taxable","13":"purchasable","14":"product-type-simple"},"yoast_head":"<!-- This site is optimized with the Yoast SEO plugin v27.3 - https:\/\/yoast.com\/product\/yoast-seo-wordpress\/ -->\n<title>Coaching y Salud. Pacientes y m\u00e9dicos: una nueva actitud - Nutritional Coaching<\/title>\n<meta name=\"description\" content=\"Coaching y salud es un libro de divulgaci\u00f3n cient\u00edfica dirigido tanto a profesionales de la salud, m\u00e9dicos, enfermeras, fisioterapeutas, como a pacientes.\" \/>\n<meta name=\"robots\" content=\"index, follow, max-snippet:-1, max-image-preview:large, max-video-preview:-1\" \/>\n<link rel=\"canonical\" href=\"https:\/\/nutritionalcoaching.com\/en\/product\/coaching-salud-pacientes-medicos\/\" \/>\n<meta property=\"og:locale\" content=\"en_US\" \/>\n<meta property=\"og:type\" content=\"article\" \/>\n<meta property=\"og:title\" content=\"Coaching y Salud. Pacientes y m\u00e9dicos: una nueva actitud - Nutritional Coaching\" \/>\n<meta property=\"og:description\" content=\"Coaching y salud es un libro de divulgaci\u00f3n cient\u00edfica dirigido tanto a profesionales de la salud, m\u00e9dicos, enfermeras, fisioterapeutas, como a pacientes.\" \/>\n<meta property=\"og:url\" content=\"https:\/\/nutritionalcoaching.com\/en\/product\/coaching-salud-pacientes-medicos\/\" \/>\n<meta property=\"og:site_name\" content=\"Nutritional Coaching\" \/>\n<meta property=\"article:publisher\" content=\"https:\/\/www.facebook.com\/Nutritional-Coaching-Experts-en-nutrici-93749075049\/\" \/>\n<meta property=\"article:modified_time\" content=\"2023-01-31T08:50:08+00:00\" \/>\n<meta property=\"og:image\" content=\"https:\/\/i0.wp.com\/nutritionalcoaching.com\/wp-content\/uploads\/2023\/01\/9788496981973.jpeg?fit=552%2C830&ssl=1\" \/>\n\t<meta property=\"og:image:width\" content=\"552\" \/>\n\t<meta property=\"og:image:height\" content=\"830\" \/>\n\t<meta property=\"og:image:type\" content=\"image\/jpeg\" \/>\n<meta name=\"twitter:card\" content=\"summary_large_image\" \/>\n<meta name=\"twitter:site\" content=\"@Nutricioncoach\" \/>\n<script type=\"application\/ld+json\" class=\"yoast-schema-graph\">{\"@context\":\"https:\\\/\\\/schema.org\",\"@graph\":[{\"@type\":\"WebPage\",\"@id\":\"https:\\\/\\\/nutritionalcoaching.com\\\/producto\\\/coaching-salud-pacientes-medicos\\\/\",\"url\":\"https:\\\/\\\/nutritionalcoaching.com\\\/producto\\\/coaching-salud-pacientes-medicos\\\/\",\"name\":\"Coaching y Salud. Pacientes y m\u00e9dicos: una nueva actitud - Nutritional Coaching\",\"isPartOf\":{\"@id\":\"https:\\\/\\\/nutritionalcoaching.com\\\/#website\"},\"primaryImageOfPage\":{\"@id\":\"https:\\\/\\\/nutritionalcoaching.com\\\/producto\\\/coaching-salud-pacientes-medicos\\\/#primaryimage\"},\"image\":{\"@id\":\"https:\\\/\\\/nutritionalcoaching.com\\\/producto\\\/coaching-salud-pacientes-medicos\\\/#primaryimage\"},\"thumbnailUrl\":\"https:\\\/\\\/i0.wp.com\\\/nutritionalcoaching.com\\\/wp-content\\\/uploads\\\/2023\\\/01\\\/9788496981973.jpeg?fit=552%2C830&ssl=1\",\"datePublished\":\"2021-01-31T07:54:32+00:00\",\"dateModified\":\"2023-01-31T08:50:08+00:00\",\"description\":\"Coaching y salud es un libro de divulgaci\u00f3n cient\u00edfica dirigido tanto a profesionales de la salud, m\u00e9dicos, enfermeras, fisioterapeutas, como a pacientes.\",\"breadcrumb\":{\"@id\":\"https:\\\/\\\/nutritionalcoaching.com\\\/producto\\\/coaching-salud-pacientes-medicos\\\/#breadcrumb\"},\"inLanguage\":\"en-US\",\"potentialAction\":[{\"@type\":\"ReadAction\",\"target\":[\"https:\\\/\\\/nutritionalcoaching.com\\\/producto\\\/coaching-salud-pacientes-medicos\\\/\"]}]},{\"@type\":\"ImageObject\",\"inLanguage\":\"en-US\",\"@id\":\"https:\\\/\\\/nutritionalcoaching.com\\\/producto\\\/coaching-salud-pacientes-medicos\\\/#primaryimage\",\"url\":\"https:\\\/\\\/i0.wp.com\\\/nutritionalcoaching.com\\\/wp-content\\\/uploads\\\/2023\\\/01\\\/9788496981973.jpeg?fit=552%2C830&ssl=1\",\"contentUrl\":\"https:\\\/\\\/i0.wp.com\\\/nutritionalcoaching.com\\\/wp-content\\\/uploads\\\/2023\\\/01\\\/9788496981973.jpeg?fit=552%2C830&ssl=1\",\"width\":552,\"height\":830},{\"@type\":\"BreadcrumbList\",\"@id\":\"https:\\\/\\\/nutritionalcoaching.com\\\/producto\\\/coaching-salud-pacientes-medicos\\\/#breadcrumb\",\"itemListElement\":[{\"@type\":\"ListItem\",\"position\":1,\"name\":\"Home\",\"item\":\"https:\\\/\\\/nutritionalcoaching.com\\\/\"},{\"@type\":\"ListItem\",\"position\":2,\"name\":\"Librer\u00eda\",\"item\":\"https:\\\/\\\/nutritionalcoaching.com\\\/libreria\\\/\"},{\"@type\":\"ListItem\",\"position\":3,\"name\":\"Coaching y Salud. Pacientes y m\u00e9dicos: una nueva actitud\"}]},{\"@type\":\"WebSite\",\"@id\":\"https:\\\/\\\/nutritionalcoaching.com\\\/#website\",\"url\":\"https:\\\/\\\/nutritionalcoaching.com\\\/\",\"name\":\"Nutritional Coaching\",\"description\":\"Expertos en nutrici\u00f3n\",\"publisher\":{\"@id\":\"https:\\\/\\\/nutritionalcoaching.com\\\/#organization\"},\"alternateName\":\"Nutritional\",\"potentialAction\":[{\"@type\":\"SearchAction\",\"target\":{\"@type\":\"EntryPoint\",\"urlTemplate\":\"https:\\\/\\\/nutritionalcoaching.com\\\/?s={search_term_string}\"},\"query-input\":{\"@type\":\"PropertyValueSpecification\",\"valueRequired\":true,\"valueName\":\"search_term_string\"}}],\"inLanguage\":\"en-US\"},{\"@type\":\"Organization\",\"@id\":\"https:\\\/\\\/nutritionalcoaching.com\\\/#organization\",\"name\":\"Nutritional Coaching\",\"alternateName\":\"Nutritional\",\"url\":\"https:\\\/\\\/nutritionalcoaching.com\\\/\",\"logo\":{\"@type\":\"ImageObject\",\"inLanguage\":\"en-US\",\"@id\":\"https:\\\/\\\/nutritionalcoaching.com\\\/#\\\/schema\\\/logo\\\/image\\\/\",\"url\":\"https:\\\/\\\/i0.wp.com\\\/nutritionalcoaching.com\\\/wp-content\\\/uploads\\\/2021\\\/11\\\/logo_nutritional.png?fit=300%2C79&ssl=1\",\"contentUrl\":\"https:\\\/\\\/i0.wp.com\\\/nutritionalcoaching.com\\\/wp-content\\\/uploads\\\/2021\\\/11\\\/logo_nutritional.png?fit=300%2C79&ssl=1\",\"width\":300,\"height\":79,\"caption\":\"Nutritional Coaching\"},\"image\":{\"@id\":\"https:\\\/\\\/nutritionalcoaching.com\\\/#\\\/schema\\\/logo\\\/image\\\/\"},\"sameAs\":[\"https:\\\/\\\/www.facebook.com\\\/Nutritional-Coaching-Experts-en-nutrici-93749075049\\\/\",\"https:\\\/\\\/x.com\\\/Nutricioncoach\",\"https:\\\/\\\/www.instagram.com\\\/nutritional_coaching\\\/\",\"https:\\\/\\\/my.linkedin.com\\\/company\\\/nutritional-coaching\",\"https:\\\/\\\/www.youtube.com\\\/user\\\/NUTRITIONALCOACHING\"]}]}<\/script>\n<!-- \/ Yoast SEO plugin. -->","yoast_head_json":{"title":"Coaching y Salud. Pacientes y m\u00e9dicos: una nueva actitud - Nutritional Coaching","description":"Coaching y salud es un libro de divulgaci\u00f3n cient\u00edfica dirigido tanto a profesionales de la salud, m\u00e9dicos, enfermeras, fisioterapeutas, como a pacientes.","robots":{"index":"index","follow":"follow","max-snippet":"max-snippet:-1","max-image-preview":"max-image-preview:large","max-video-preview":"max-video-preview:-1"},"canonical":"https:\/\/nutritionalcoaching.com\/en\/product\/coaching-salud-pacientes-medicos\/","og_locale":"en_US","og_type":"article","og_title":"Coaching y Salud. Pacientes y m\u00e9dicos: una nueva actitud - Nutritional Coaching","og_description":"Coaching y salud es un libro de divulgaci\u00f3n cient\u00edfica dirigido tanto a profesionales de la salud, m\u00e9dicos, enfermeras, fisioterapeutas, como a pacientes.","og_url":"https:\/\/nutritionalcoaching.com\/en\/product\/coaching-salud-pacientes-medicos\/","og_site_name":"Nutritional Coaching","article_publisher":"https:\/\/www.facebook.com\/Nutritional-Coaching-Experts-en-nutrici-93749075049\/","article_modified_time":"2023-01-31T08:50:08+00:00","og_image":[{"width":552,"height":830,"url":"https:\/\/i0.wp.com\/nutritionalcoaching.com\/wp-content\/uploads\/2023\/01\/9788496981973.jpeg?fit=552%2C830&ssl=1","type":"image\/jpeg"}],"twitter_card":"summary_large_image","twitter_site":"@Nutricioncoach","schema":{"@context":"https:\/\/schema.org","@graph":[{"@type":"WebPage","@id":"https:\/\/nutritionalcoaching.com\/producto\/coaching-salud-pacientes-medicos\/","url":"https:\/\/nutritionalcoaching.com\/producto\/coaching-salud-pacientes-medicos\/","name":"Coaching y Salud. Pacientes y m\u00e9dicos: una nueva actitud - Nutritional Coaching","isPartOf":{"@id":"https:\/\/nutritionalcoaching.com\/#website"},"primaryImageOfPage":{"@id":"https:\/\/nutritionalcoaching.com\/producto\/coaching-salud-pacientes-medicos\/#primaryimage"},"image":{"@id":"https:\/\/nutritionalcoaching.com\/producto\/coaching-salud-pacientes-medicos\/#primaryimage"},"thumbnailUrl":"https:\/\/i0.wp.com\/nutritionalcoaching.com\/wp-content\/uploads\/2023\/01\/9788496981973.jpeg?fit=552%2C830&ssl=1","datePublished":"2021-01-31T07:54:32+00:00","dateModified":"2023-01-31T08:50:08+00:00","description":"Coaching y salud es un libro de divulgaci\u00f3n cient\u00edfica dirigido tanto a profesionales de la salud, m\u00e9dicos, enfermeras, fisioterapeutas, como a pacientes.","breadcrumb":{"@id":"https:\/\/nutritionalcoaching.com\/producto\/coaching-salud-pacientes-medicos\/#breadcrumb"},"inLanguage":"en-US","potentialAction":[{"@type":"ReadAction","target":["https:\/\/nutritionalcoaching.com\/producto\/coaching-salud-pacientes-medicos\/"]}]},{"@type":"ImageObject","inLanguage":"en-US","@id":"https:\/\/nutritionalcoaching.com\/producto\/coaching-salud-pacientes-medicos\/#primaryimage","url":"https:\/\/i0.wp.com\/nutritionalcoaching.com\/wp-content\/uploads\/2023\/01\/9788496981973.jpeg?fit=552%2C830&ssl=1","contentUrl":"https:\/\/i0.wp.com\/nutritionalcoaching.com\/wp-content\/uploads\/2023\/01\/9788496981973.jpeg?fit=552%2C830&ssl=1","width":552,"height":830},{"@type":"BreadcrumbList","@id":"https:\/\/nutritionalcoaching.com\/producto\/coaching-salud-pacientes-medicos\/#breadcrumb","itemListElement":[{"@type":"ListItem","position":1,"name":"Home","item":"https:\/\/nutritionalcoaching.com\/"},{"@type":"ListItem","position":2,"name":"Librer\u00eda","item":"https:\/\/nutritionalcoaching.com\/libreria\/"},{"@type":"ListItem","position":3,"name":"Coaching y Salud. Pacientes y m\u00e9dicos: una nueva actitud"}]},{"@type":"WebSite","@id":"https:\/\/nutritionalcoaching.com\/#website","url":"https:\/\/nutritionalcoaching.com\/","name":"Nutritional Coaching","description":"Expertos en nutrici\u00f3n","publisher":{"@id":"https:\/\/nutritionalcoaching.com\/#organization"},"alternateName":"Nutritional","potentialAction":[{"@type":"SearchAction","target":{"@type":"EntryPoint","urlTemplate":"https:\/\/nutritionalcoaching.com\/?s={search_term_string}"},"query-input":{"@type":"PropertyValueSpecification","valueRequired":true,"valueName":"search_term_string"}}],"inLanguage":"en-US"},{"@type":"Organization","@id":"https:\/\/nutritionalcoaching.com\/#organization","name":"Nutritional Coaching","alternateName":"Nutritional","url":"https:\/\/nutritionalcoaching.com\/","logo":{"@type":"ImageObject","inLanguage":"en-US","@id":"https:\/\/nutritionalcoaching.com\/#\/schema\/logo\/image\/","url":"https:\/\/i0.wp.com\/nutritionalcoaching.com\/wp-content\/uploads\/2021\/11\/logo_nutritional.png?fit=300%2C79&ssl=1","contentUrl":"https:\/\/i0.wp.com\/nutritionalcoaching.com\/wp-content\/uploads\/2021\/11\/logo_nutritional.png?fit=300%2C79&ssl=1","width":300,"height":79,"caption":"Nutritional Coaching"},"image":{"@id":"https:\/\/nutritionalcoaching.com\/#\/schema\/logo\/image\/"},"sameAs":["https:\/\/www.facebook.com\/Nutritional-Coaching-Experts-en-nutrici-93749075049\/","https:\/\/x.com\/Nutricioncoach","https:\/\/www.instagram.com\/nutritional_coaching\/","https:\/\/my.linkedin.com\/company\/nutritional-coaching","https:\/\/www.youtube.com\/user\/NUTRITIONALCOACHING"]}]}},"jetpack_sharing_enabled":true,"_links":{"self":[{"href":"https:\/\/nutritionalcoaching.com\/en\/wp-json\/wp\/v2\/product\/19327","targetHints":{"allow":["GET"]}}],"collection":[{"href":"https:\/\/nutritionalcoaching.com\/en\/wp-json\/wp\/v2\/product"}],"about":[{"href":"https:\/\/nutritionalcoaching.com\/en\/wp-json\/wp\/v2\/types\/product"}],"replies":[{"embeddable":true,"href":"https:\/\/nutritionalcoaching.com\/en\/wp-json\/wp\/v2\/comments?post=19327"}],"version-history":[{"count":0,"href":"https:\/\/nutritionalcoaching.com\/en\/wp-json\/wp\/v2\/product\/19327\/revisions"}],"wp:featuredmedia":[{"embeddable":true,"href":"https:\/\/nutritionalcoaching.com\/en\/wp-json\/wp\/v2\/media\/19329"}],"wp:attachment":[{"href":"https:\/\/nutritionalcoaching.com\/en\/wp-json\/wp\/v2\/media?parent=19327"}],"wp:term":[{"taxonomy":"product_brand","embeddable":true,"href":"https:\/\/nutritionalcoaching.com\/en\/wp-json\/wp\/v2\/product_brand?post=19327"},{"taxonomy":"product_cat","embeddable":true,"href":"https:\/\/nutritionalcoaching.com\/en\/wp-json\/wp\/v2\/product_cat?post=19327"},{"taxonomy":"product_tag","embeddable":true,"href":"https:\/\/nutritionalcoaching.com\/en\/wp-json\/wp\/v2\/product_tag?post=19327"}],"curies":[{"name":"wp","href":"https:\/\/api.w.org\/{rel}","templated":true}]}}