{"id":19164,"date":"2020-12-19T15:18:46","date_gmt":"2020-12-19T14:18:46","guid":{"rendered":"https:\/\/nutritionalcoaching.com\/?post_type=product&#038;p=19164"},"modified":"2023-01-31T09:10:17","modified_gmt":"2023-01-31T08:10:17","slug":"unidas-somos-mas-fuertes","status":"publish","type":"product","link":"https:\/\/nutritionalcoaching.com\/en\/product\/unidas-somos-mas-fuertes\/","title":{"rendered":"Unidas somos m\u00e1s fuertes"},"content":{"rendered":"<p><strong>Autor\/a:\u00a0<\/strong>Aitana Bonmat\u00ed<\/p>\n<p><strong>Descripci\u00f3n:\u00a0<\/strong>Aitana Bonmat\u00ed es ya, a sus 24 a\u00f1os, una de las jugadoras m\u00e1s representativas, valiosas y queridas por la afici\u00f3n del FC Barcelona. A su gran calidad futbol\u00edstica, que la llev\u00f3 a ser elegida mejor jugadora de la final de la Liga de Campeones en la que el Bar\u00e7a derrot\u00f3 al Chelsea por 4-0, con un gol tambi\u00e9n de Aitana, a\u00fana la reivindicaci\u00f3n de la igualdad y un gran compromiso social. Desc\u00fabrelo leyendo la fascinante autobiograf\u00eda -escrita con la colaboraci\u00f3n del periodista Cristian Mart\u00edn- de una Aitana Bonmat\u00ed que, pese a su juventud, tiene mucho que contar.<\/p>\n<p><strong style=\"color: #017c88; font-size: 22px;\">15\u20ac <span style=\"font-size: 16px;\">&#8211; Papel<\/span><\/strong><\/p>","protected":false},"excerpt":{"rendered":"<p><strong>15\u20ac &#8211; Papel <\/strong><\/p>\n<p>Aitana Bonmat\u00ed es ya, a sus 24 a\u00f1os, una de las jugadoras m\u00e1s representativas, valiosas y queridas por la afici\u00f3n del FC Barcelona&#8230;<\/p>\n<p>&nbsp;<\/p>","protected":false},"featured_media":19165,"comment_status":"closed","ping_status":"closed","template":"","meta":{"_joinchat":[]},"product_brand":[],"product_cat":[737,22],"product_tag":[],"class_list":{"0":"post-19164","1":"product","2":"type-product","3":"status-publish","4":"has-post-thumbnail","6":"product_cat-libreria","7":"product_cat-proyectos-editoriales","9":"first","10":"instock","11":"taxable","12":"shipping-taxable","13":"purchasable","14":"product-type-simple"},"yoast_head":"<!-- This site is optimized with the Yoast SEO plugin v27.4 - https:\/\/yoast.com\/product\/yoast-seo-wordpress\/ -->\n<title>Unidas somos m\u00e1s fuertes - Nutritional Coaching<\/title>\n<meta name=\"robots\" content=\"index, follow, max-snippet:-1, max-image-preview:large, max-video-preview:-1\" \/>\n<link rel=\"canonical\" href=\"https:\/\/nutritionalcoaching.com\/en\/product\/unidas-somos-mas-fuertes\/\" \/>\n<meta property=\"og:locale\" content=\"en_US\" \/>\n<meta property=\"og:type\" content=\"article\" \/>\n<meta property=\"og:title\" content=\"Unidas somos m\u00e1s fuertes - Nutritional Coaching\" \/>\n<meta property=\"og:description\" content=\"15\u20ac - Papel   Aitana Bonmat\u00ed es ya, a sus 24 a\u00f1os, una de las jugadoras m\u00e1s representativas, valiosas y queridas por la afici\u00f3n del FC Barcelona...  &nbsp;\" \/>\n<meta property=\"og:url\" content=\"https:\/\/nutritionalcoaching.com\/en\/product\/unidas-somos-mas-fuertes\/\" \/>\n<meta property=\"og:site_name\" content=\"Nutritional Coaching\" \/>\n<meta property=\"article:publisher\" content=\"https:\/\/www.facebook.com\/Nutritional-Coaching-Experts-en-nutrici-93749075049\/\" \/>\n<meta property=\"article:modified_time\" content=\"2023-01-31T08:10:17+00:00\" \/>\n<meta property=\"og:image\" content=\"https:\/\/i0.wp.com\/nutritionalcoaching.com\/wp-content\/uploads\/2022\/12\/61F7po5p-eL.jpeg?fit=800%2C1129&ssl=1\" \/>\n\t<meta property=\"og:image:width\" content=\"800\" \/>\n\t<meta property=\"og:image:height\" content=\"1129\" \/>\n\t<meta property=\"og:image:type\" content=\"image\/jpeg\" \/>\n<meta name=\"twitter:card\" content=\"summary_large_image\" \/>\n<meta name=\"twitter:site\" content=\"@Nutricioncoach\" \/>\n<script type=\"application\/ld+json\" class=\"yoast-schema-graph\">{\"@context\":\"https:\\\/\\\/schema.org\",\"@graph\":[{\"@type\":\"WebPage\",\"@id\":\"https:\\\/\\\/nutritionalcoaching.com\\\/producto\\\/unidas-somos-mas-fuertes\\\/\",\"url\":\"https:\\\/\\\/nutritionalcoaching.com\\\/producto\\\/unidas-somos-mas-fuertes\\\/\",\"name\":\"Unidas somos m\u00e1s fuertes - Nutritional Coaching\",\"isPartOf\":{\"@id\":\"https:\\\/\\\/nutritionalcoaching.com\\\/#website\"},\"primaryImageOfPage\":{\"@id\":\"https:\\\/\\\/nutritionalcoaching.com\\\/producto\\\/unidas-somos-mas-fuertes\\\/#primaryimage\"},\"image\":{\"@id\":\"https:\\\/\\\/nutritionalcoaching.com\\\/producto\\\/unidas-somos-mas-fuertes\\\/#primaryimage\"},\"thumbnailUrl\":\"https:\\\/\\\/i0.wp.com\\\/nutritionalcoaching.com\\\/wp-content\\\/uploads\\\/2022\\\/12\\\/61F7po5p-eL.jpeg?fit=800%2C1129&ssl=1\",\"datePublished\":\"2020-12-19T14:18:46+00:00\",\"dateModified\":\"2023-01-31T08:10:17+00:00\",\"breadcrumb\":{\"@id\":\"https:\\\/\\\/nutritionalcoaching.com\\\/producto\\\/unidas-somos-mas-fuertes\\\/#breadcrumb\"},\"inLanguage\":\"en-US\",\"potentialAction\":[{\"@type\":\"ReadAction\",\"target\":[\"https:\\\/\\\/nutritionalcoaching.com\\\/producto\\\/unidas-somos-mas-fuertes\\\/\"]}]},{\"@type\":\"ImageObject\",\"inLanguage\":\"en-US\",\"@id\":\"https:\\\/\\\/nutritionalcoaching.com\\\/producto\\\/unidas-somos-mas-fuertes\\\/#primaryimage\",\"url\":\"https:\\\/\\\/i0.wp.com\\\/nutritionalcoaching.com\\\/wp-content\\\/uploads\\\/2022\\\/12\\\/61F7po5p-eL.jpeg?fit=800%2C1129&ssl=1\",\"contentUrl\":\"https:\\\/\\\/i0.wp.com\\\/nutritionalcoaching.com\\\/wp-content\\\/uploads\\\/2022\\\/12\\\/61F7po5p-eL.jpeg?fit=800%2C1129&ssl=1\",\"width\":800,\"height\":1129},{\"@type\":\"BreadcrumbList\",\"@id\":\"https:\\\/\\\/nutritionalcoaching.com\\\/producto\\\/unidas-somos-mas-fuertes\\\/#breadcrumb\",\"itemListElement\":[{\"@type\":\"ListItem\",\"position\":1,\"name\":\"Home\",\"item\":\"https:\\\/\\\/nutritionalcoaching.com\\\/\"},{\"@type\":\"ListItem\",\"position\":2,\"name\":\"Librer\u00eda\",\"item\":\"https:\\\/\\\/nutritionalcoaching.com\\\/libreria\\\/\"},{\"@type\":\"ListItem\",\"position\":3,\"name\":\"Unidas somos m\u00e1s fuertes\"}]},{\"@type\":\"WebSite\",\"@id\":\"https:\\\/\\\/nutritionalcoaching.com\\\/#website\",\"url\":\"https:\\\/\\\/nutritionalcoaching.com\\\/\",\"name\":\"Nutritional Coaching\",\"description\":\"Expertos en nutrici\u00f3n\",\"publisher\":{\"@id\":\"https:\\\/\\\/nutritionalcoaching.com\\\/#organization\"},\"alternateName\":\"Nutritional\",\"potentialAction\":[{\"@type\":\"SearchAction\",\"target\":{\"@type\":\"EntryPoint\",\"urlTemplate\":\"https:\\\/\\\/nutritionalcoaching.com\\\/?s={search_term_string}\"},\"query-input\":{\"@type\":\"PropertyValueSpecification\",\"valueRequired\":true,\"valueName\":\"search_term_string\"}}],\"inLanguage\":\"en-US\"},{\"@type\":\"Organization\",\"@id\":\"https:\\\/\\\/nutritionalcoaching.com\\\/#organization\",\"name\":\"Nutritional Coaching\",\"alternateName\":\"Nutritional\",\"url\":\"https:\\\/\\\/nutritionalcoaching.com\\\/\",\"logo\":{\"@type\":\"ImageObject\",\"inLanguage\":\"en-US\",\"@id\":\"https:\\\/\\\/nutritionalcoaching.com\\\/#\\\/schema\\\/logo\\\/image\\\/\",\"url\":\"https:\\\/\\\/i0.wp.com\\\/nutritionalcoaching.com\\\/wp-content\\\/uploads\\\/2021\\\/11\\\/logo_nutritional.png?fit=300%2C79&ssl=1\",\"contentUrl\":\"https:\\\/\\\/i0.wp.com\\\/nutritionalcoaching.com\\\/wp-content\\\/uploads\\\/2021\\\/11\\\/logo_nutritional.png?fit=300%2C79&ssl=1\",\"width\":300,\"height\":79,\"caption\":\"Nutritional Coaching\"},\"image\":{\"@id\":\"https:\\\/\\\/nutritionalcoaching.com\\\/#\\\/schema\\\/logo\\\/image\\\/\"},\"sameAs\":[\"https:\\\/\\\/www.facebook.com\\\/Nutritional-Coaching-Experts-en-nutrici-93749075049\\\/\",\"https:\\\/\\\/x.com\\\/Nutricioncoach\",\"https:\\\/\\\/www.instagram.com\\\/nutritional_coaching\\\/\",\"https:\\\/\\\/my.linkedin.com\\\/company\\\/nutritional-coaching\",\"https:\\\/\\\/www.youtube.com\\\/user\\\/NUTRITIONALCOACHING\"]}]}<\/script>\n<!-- \/ Yoast SEO plugin. -->","yoast_head_json":{"title":"Unidas somos m\u00e1s fuertes - Nutritional Coaching","robots":{"index":"index","follow":"follow","max-snippet":"max-snippet:-1","max-image-preview":"max-image-preview:large","max-video-preview":"max-video-preview:-1"},"canonical":"https:\/\/nutritionalcoaching.com\/en\/product\/unidas-somos-mas-fuertes\/","og_locale":"en_US","og_type":"article","og_title":"Unidas somos m\u00e1s fuertes - Nutritional Coaching","og_description":"15\u20ac - Papel   Aitana Bonmat\u00ed es ya, a sus 24 a\u00f1os, una de las jugadoras m\u00e1s representativas, valiosas y queridas por la afici\u00f3n del FC Barcelona...  &nbsp;","og_url":"https:\/\/nutritionalcoaching.com\/en\/product\/unidas-somos-mas-fuertes\/","og_site_name":"Nutritional Coaching","article_publisher":"https:\/\/www.facebook.com\/Nutritional-Coaching-Experts-en-nutrici-93749075049\/","article_modified_time":"2023-01-31T08:10:17+00:00","og_image":[{"width":800,"height":1129,"url":"https:\/\/i0.wp.com\/nutritionalcoaching.com\/wp-content\/uploads\/2022\/12\/61F7po5p-eL.jpeg?fit=800%2C1129&ssl=1","type":"image\/jpeg"}],"twitter_card":"summary_large_image","twitter_site":"@Nutricioncoach","schema":{"@context":"https:\/\/schema.org","@graph":[{"@type":"WebPage","@id":"https:\/\/nutritionalcoaching.com\/producto\/unidas-somos-mas-fuertes\/","url":"https:\/\/nutritionalcoaching.com\/producto\/unidas-somos-mas-fuertes\/","name":"Unidas somos m\u00e1s fuertes - Nutritional Coaching","isPartOf":{"@id":"https:\/\/nutritionalcoaching.com\/#website"},"primaryImageOfPage":{"@id":"https:\/\/nutritionalcoaching.com\/producto\/unidas-somos-mas-fuertes\/#primaryimage"},"image":{"@id":"https:\/\/nutritionalcoaching.com\/producto\/unidas-somos-mas-fuertes\/#primaryimage"},"thumbnailUrl":"https:\/\/i0.wp.com\/nutritionalcoaching.com\/wp-content\/uploads\/2022\/12\/61F7po5p-eL.jpeg?fit=800%2C1129&ssl=1","datePublished":"2020-12-19T14:18:46+00:00","dateModified":"2023-01-31T08:10:17+00:00","breadcrumb":{"@id":"https:\/\/nutritionalcoaching.com\/producto\/unidas-somos-mas-fuertes\/#breadcrumb"},"inLanguage":"en-US","potentialAction":[{"@type":"ReadAction","target":["https:\/\/nutritionalcoaching.com\/producto\/unidas-somos-mas-fuertes\/"]}]},{"@type":"ImageObject","inLanguage":"en-US","@id":"https:\/\/nutritionalcoaching.com\/producto\/unidas-somos-mas-fuertes\/#primaryimage","url":"https:\/\/i0.wp.com\/nutritionalcoaching.com\/wp-content\/uploads\/2022\/12\/61F7po5p-eL.jpeg?fit=800%2C1129&ssl=1","contentUrl":"https:\/\/i0.wp.com\/nutritionalcoaching.com\/wp-content\/uploads\/2022\/12\/61F7po5p-eL.jpeg?fit=800%2C1129&ssl=1","width":800,"height":1129},{"@type":"BreadcrumbList","@id":"https:\/\/nutritionalcoaching.com\/producto\/unidas-somos-mas-fuertes\/#breadcrumb","itemListElement":[{"@type":"ListItem","position":1,"name":"Home","item":"https:\/\/nutritionalcoaching.com\/"},{"@type":"ListItem","position":2,"name":"Librer\u00eda","item":"https:\/\/nutritionalcoaching.com\/libreria\/"},{"@type":"ListItem","position":3,"name":"Unidas somos m\u00e1s fuertes"}]},{"@type":"WebSite","@id":"https:\/\/nutritionalcoaching.com\/#website","url":"https:\/\/nutritionalcoaching.com\/","name":"Nutritional Coaching","description":"Expertos en nutrici\u00f3n","publisher":{"@id":"https:\/\/nutritionalcoaching.com\/#organization"},"alternateName":"Nutritional","potentialAction":[{"@type":"SearchAction","target":{"@type":"EntryPoint","urlTemplate":"https:\/\/nutritionalcoaching.com\/?s={search_term_string}"},"query-input":{"@type":"PropertyValueSpecification","valueRequired":true,"valueName":"search_term_string"}}],"inLanguage":"en-US"},{"@type":"Organization","@id":"https:\/\/nutritionalcoaching.com\/#organization","name":"Nutritional Coaching","alternateName":"Nutritional","url":"https:\/\/nutritionalcoaching.com\/","logo":{"@type":"ImageObject","inLanguage":"en-US","@id":"https:\/\/nutritionalcoaching.com\/#\/schema\/logo\/image\/","url":"https:\/\/i0.wp.com\/nutritionalcoaching.com\/wp-content\/uploads\/2021\/11\/logo_nutritional.png?fit=300%2C79&ssl=1","contentUrl":"https:\/\/i0.wp.com\/nutritionalcoaching.com\/wp-content\/uploads\/2021\/11\/logo_nutritional.png?fit=300%2C79&ssl=1","width":300,"height":79,"caption":"Nutritional Coaching"},"image":{"@id":"https:\/\/nutritionalcoaching.com\/#\/schema\/logo\/image\/"},"sameAs":["https:\/\/www.facebook.com\/Nutritional-Coaching-Experts-en-nutrici-93749075049\/","https:\/\/x.com\/Nutricioncoach","https:\/\/www.instagram.com\/nutritional_coaching\/","https:\/\/my.linkedin.com\/company\/nutritional-coaching","https:\/\/www.youtube.com\/user\/NUTRITIONALCOACHING"]}]}},"jetpack_sharing_enabled":true,"_links":{"self":[{"href":"https:\/\/nutritionalcoaching.com\/en\/wp-json\/wp\/v2\/product\/19164","targetHints":{"allow":["GET"]}}],"collection":[{"href":"https:\/\/nutritionalcoaching.com\/en\/wp-json\/wp\/v2\/product"}],"about":[{"href":"https:\/\/nutritionalcoaching.com\/en\/wp-json\/wp\/v2\/types\/product"}],"replies":[{"embeddable":true,"href":"https:\/\/nutritionalcoaching.com\/en\/wp-json\/wp\/v2\/comments?post=19164"}],"version-history":[{"count":0,"href":"https:\/\/nutritionalcoaching.com\/en\/wp-json\/wp\/v2\/product\/19164\/revisions"}],"wp:featuredmedia":[{"embeddable":true,"href":"https:\/\/nutritionalcoaching.com\/en\/wp-json\/wp\/v2\/media\/19165"}],"wp:attachment":[{"href":"https:\/\/nutritionalcoaching.com\/en\/wp-json\/wp\/v2\/media?parent=19164"}],"wp:term":[{"taxonomy":"product_brand","embeddable":true,"href":"https:\/\/nutritionalcoaching.com\/en\/wp-json\/wp\/v2\/product_brand?post=19164"},{"taxonomy":"product_cat","embeddable":true,"href":"https:\/\/nutritionalcoaching.com\/en\/wp-json\/wp\/v2\/product_cat?post=19164"},{"taxonomy":"product_tag","embeddable":true,"href":"https:\/\/nutritionalcoaching.com\/en\/wp-json\/wp\/v2\/product_tag?post=19164"}],"curies":[{"name":"wp","href":"https:\/\/api.w.org\/{rel}","templated":true}]}}