{"id":14897,"date":"2021-09-30T08:11:43","date_gmt":"2021-09-30T08:11:43","guid":{"rendered":"https:\/\/nutritionalcoaching.einatec.com\/?post_type=product&#038;p=14897"},"modified":"2022-03-17T13:33:03","modified_gmt":"2022-03-17T12:33:03","slug":"coaching-nutricional-para-ninos-y-padres-tu-hijo-querra-comer-bien","status":"publish","type":"product","link":"https:\/\/nutritionalcoaching.com\/en\/product\/coaching-nutricional-para-ninos-y-padres-tu-hijo-querra-comer-bien\/","title":{"rendered":"Coaching nutricional para ni\u00f1os y padres: Tu hijo querr\u00e1 comer bien"},"content":{"rendered":"<p><strong>Autores<\/strong>: Yolanda Fleta y Jaime Gim\u00e9nez<br \/>\n<strong>Descripci\u00f3n<\/strong>:Un libro que aporta informaci\u00f3n nutricional y estrategias de\u00a0coaching\u00a0nutricional para conseguir no solo que nuestros hijos coman sano, sino tambi\u00e9n que se sientan mejor con ellos mismos y desarrollen su inteligencia emocional.<\/p>\n<p><strong style=\"color: #017c88; font-size: 22px;\">16,05\u20ac <span style=\"font-size: 16px;\">&#8211; Papel<\/span><\/strong><br \/>\n<strong style=\"color: #017c88; font-size: 22px;\">5,69\u20ac <span style=\"font-size: 16px;\">&#8211; Kindle<\/span><\/strong><\/p>","protected":false},"excerpt":{"rendered":"<p><strong>16,05\u20ac &#8211; Papel \/ 5,69\u20ac &#8211; Kindle<\/strong><\/p>\n<p><span style=\"color: #1d1717;\">Un libro que aporta informaci\u00f3n nutricional y estrategias de coaching nutricional para conseguir no solo que nuestros hijos coman sano, sino tambi\u00e9n&#8230;<\/span><\/p>","protected":false},"featured_media":14900,"comment_status":"closed","ping_status":"closed","template":"","meta":{"_joinchat":[]},"product_brand":[],"product_cat":[737,22],"product_tag":[],"class_list":{"0":"post-14897","1":"product","2":"type-product","3":"status-publish","4":"has-post-thumbnail","6":"product_cat-libreria","7":"product_cat-proyectos-editoriales","9":"first","10":"instock","11":"taxable","12":"shipping-taxable","13":"product-type-external"},"yoast_head":"<!-- This site is optimized with the Yoast SEO plugin v27.4 - https:\/\/yoast.com\/product\/yoast-seo-wordpress\/ -->\n<title>Coaching nutricional para ni\u00f1os y padres- Nutritional Coaching<\/title>\n<meta name=\"description\" content=\"Coaching nutricional para ni\u00f1os y padres. Un libro que aporta informaci\u00f3n nutricional y estrategias para conseguir unos buenos h\u00e1bitos.\" \/>\n<meta name=\"robots\" content=\"index, follow, max-snippet:-1, max-image-preview:large, max-video-preview:-1\" \/>\n<link rel=\"canonical\" href=\"https:\/\/nutritionalcoaching.com\/en\/product\/coaching-nutricional-para-ninos-y-padres-tu-hijo-querra-comer-bien\/\" \/>\n<meta property=\"og:locale\" content=\"en_US\" \/>\n<meta property=\"og:type\" content=\"article\" \/>\n<meta property=\"og:title\" content=\"Coaching nutricional para ni\u00f1os y padres- Nutritional Coaching\" \/>\n<meta property=\"og:description\" content=\"Coaching nutricional para ni\u00f1os y padres. Un libro que aporta informaci\u00f3n nutricional y estrategias para conseguir unos buenos h\u00e1bitos.\" \/>\n<meta property=\"og:url\" content=\"https:\/\/nutritionalcoaching.com\/en\/product\/coaching-nutricional-para-ninos-y-padres-tu-hijo-querra-comer-bien\/\" \/>\n<meta property=\"og:site_name\" content=\"Nutritional Coaching\" \/>\n<meta property=\"article:publisher\" content=\"https:\/\/www.facebook.com\/Nutritional-Coaching-Experts-en-nutrici-93749075049\/\" \/>\n<meta property=\"article:modified_time\" content=\"2022-03-17T12:33:03+00:00\" \/>\n<meta property=\"og:image\" content=\"https:\/\/nutritionalcoaching.com\/wp-content\/uploads\/2021\/09\/CN-nin\u0303os-y-padres.jpg\" \/>\n\t<meta property=\"og:image:width\" content=\"576\" \/>\n\t<meta property=\"og:image:height\" content=\"726\" \/>\n\t<meta property=\"og:image:type\" content=\"image\/jpeg\" \/>\n<meta name=\"twitter:card\" content=\"summary_large_image\" \/>\n<meta name=\"twitter:site\" content=\"@Nutricioncoach\" \/>\n<script type=\"application\/ld+json\" class=\"yoast-schema-graph\">{\"@context\":\"https:\\\/\\\/schema.org\",\"@graph\":[{\"@type\":\"WebPage\",\"@id\":\"https:\\\/\\\/nutritionalcoaching.com\\\/producto\\\/coaching-nutricional-para-ninos-y-padres-tu-hijo-querra-comer-bien\\\/\",\"url\":\"https:\\\/\\\/nutritionalcoaching.com\\\/producto\\\/coaching-nutricional-para-ninos-y-padres-tu-hijo-querra-comer-bien\\\/\",\"name\":\"Coaching nutricional para ni\u00f1os y padres- Nutritional Coaching\",\"isPartOf\":{\"@id\":\"https:\\\/\\\/nutritionalcoaching.com\\\/#website\"},\"primaryImageOfPage\":{\"@id\":\"https:\\\/\\\/nutritionalcoaching.com\\\/producto\\\/coaching-nutricional-para-ninos-y-padres-tu-hijo-querra-comer-bien\\\/#primaryimage\"},\"image\":{\"@id\":\"https:\\\/\\\/nutritionalcoaching.com\\\/producto\\\/coaching-nutricional-para-ninos-y-padres-tu-hijo-querra-comer-bien\\\/#primaryimage\"},\"thumbnailUrl\":\"https:\\\/\\\/i0.wp.com\\\/nutritionalcoaching.com\\\/wp-content\\\/uploads\\\/2021\\\/09\\\/CN-nin%CC%83os-y-padres.jpg?fit=576%2C726&ssl=1\",\"datePublished\":\"2021-09-30T08:11:43+00:00\",\"dateModified\":\"2022-03-17T12:33:03+00:00\",\"description\":\"Coaching nutricional para ni\u00f1os y padres. Un libro que aporta informaci\u00f3n nutricional y estrategias para conseguir unos buenos h\u00e1bitos.\",\"breadcrumb\":{\"@id\":\"https:\\\/\\\/nutritionalcoaching.com\\\/producto\\\/coaching-nutricional-para-ninos-y-padres-tu-hijo-querra-comer-bien\\\/#breadcrumb\"},\"inLanguage\":\"en-US\",\"potentialAction\":[{\"@type\":\"ReadAction\",\"target\":[\"https:\\\/\\\/nutritionalcoaching.com\\\/producto\\\/coaching-nutricional-para-ninos-y-padres-tu-hijo-querra-comer-bien\\\/\"]}]},{\"@type\":\"ImageObject\",\"inLanguage\":\"en-US\",\"@id\":\"https:\\\/\\\/nutritionalcoaching.com\\\/producto\\\/coaching-nutricional-para-ninos-y-padres-tu-hijo-querra-comer-bien\\\/#primaryimage\",\"url\":\"https:\\\/\\\/i0.wp.com\\\/nutritionalcoaching.com\\\/wp-content\\\/uploads\\\/2021\\\/09\\\/CN-nin%CC%83os-y-padres.jpg?fit=576%2C726&ssl=1\",\"contentUrl\":\"https:\\\/\\\/i0.wp.com\\\/nutritionalcoaching.com\\\/wp-content\\\/uploads\\\/2021\\\/09\\\/CN-nin%CC%83os-y-padres.jpg?fit=576%2C726&ssl=1\",\"width\":576,\"height\":726,\"caption\":\"Coaching nutricional para ni\u00f1os y padres\"},{\"@type\":\"BreadcrumbList\",\"@id\":\"https:\\\/\\\/nutritionalcoaching.com\\\/producto\\\/coaching-nutricional-para-ninos-y-padres-tu-hijo-querra-comer-bien\\\/#breadcrumb\",\"itemListElement\":[{\"@type\":\"ListItem\",\"position\":1,\"name\":\"Home\",\"item\":\"https:\\\/\\\/nutritionalcoaching.com\\\/\"},{\"@type\":\"ListItem\",\"position\":2,\"name\":\"Librer\u00eda\",\"item\":\"https:\\\/\\\/nutritionalcoaching.com\\\/libreria\\\/\"},{\"@type\":\"ListItem\",\"position\":3,\"name\":\"Coaching nutricional para ni\u00f1os y padres: Tu hijo querr\u00e1 comer bien\"}]},{\"@type\":\"WebSite\",\"@id\":\"https:\\\/\\\/nutritionalcoaching.com\\\/#website\",\"url\":\"https:\\\/\\\/nutritionalcoaching.com\\\/\",\"name\":\"Nutritional Coaching\",\"description\":\"Expertos en nutrici\u00f3n\",\"publisher\":{\"@id\":\"https:\\\/\\\/nutritionalcoaching.com\\\/#organization\"},\"alternateName\":\"Nutritional\",\"potentialAction\":[{\"@type\":\"SearchAction\",\"target\":{\"@type\":\"EntryPoint\",\"urlTemplate\":\"https:\\\/\\\/nutritionalcoaching.com\\\/?s={search_term_string}\"},\"query-input\":{\"@type\":\"PropertyValueSpecification\",\"valueRequired\":true,\"valueName\":\"search_term_string\"}}],\"inLanguage\":\"en-US\"},{\"@type\":\"Organization\",\"@id\":\"https:\\\/\\\/nutritionalcoaching.com\\\/#organization\",\"name\":\"Nutritional Coaching\",\"alternateName\":\"Nutritional\",\"url\":\"https:\\\/\\\/nutritionalcoaching.com\\\/\",\"logo\":{\"@type\":\"ImageObject\",\"inLanguage\":\"en-US\",\"@id\":\"https:\\\/\\\/nutritionalcoaching.com\\\/#\\\/schema\\\/logo\\\/image\\\/\",\"url\":\"https:\\\/\\\/i0.wp.com\\\/nutritionalcoaching.com\\\/wp-content\\\/uploads\\\/2021\\\/11\\\/logo_nutritional.png?fit=300%2C79&ssl=1\",\"contentUrl\":\"https:\\\/\\\/i0.wp.com\\\/nutritionalcoaching.com\\\/wp-content\\\/uploads\\\/2021\\\/11\\\/logo_nutritional.png?fit=300%2C79&ssl=1\",\"width\":300,\"height\":79,\"caption\":\"Nutritional Coaching\"},\"image\":{\"@id\":\"https:\\\/\\\/nutritionalcoaching.com\\\/#\\\/schema\\\/logo\\\/image\\\/\"},\"sameAs\":[\"https:\\\/\\\/www.facebook.com\\\/Nutritional-Coaching-Experts-en-nutrici-93749075049\\\/\",\"https:\\\/\\\/x.com\\\/Nutricioncoach\",\"https:\\\/\\\/www.instagram.com\\\/nutritional_coaching\\\/\",\"https:\\\/\\\/my.linkedin.com\\\/company\\\/nutritional-coaching\",\"https:\\\/\\\/www.youtube.com\\\/user\\\/NUTRITIONALCOACHING\"]}]}<\/script>\n<!-- \/ Yoast SEO plugin. -->","yoast_head_json":{"title":"Coaching nutricional para ni\u00f1os y padres- Nutritional Coaching","description":"Coaching nutricional para ni\u00f1os y padres. Un libro que aporta informaci\u00f3n nutricional y estrategias para conseguir unos buenos h\u00e1bitos.","robots":{"index":"index","follow":"follow","max-snippet":"max-snippet:-1","max-image-preview":"max-image-preview:large","max-video-preview":"max-video-preview:-1"},"canonical":"https:\/\/nutritionalcoaching.com\/en\/product\/coaching-nutricional-para-ninos-y-padres-tu-hijo-querra-comer-bien\/","og_locale":"en_US","og_type":"article","og_title":"Coaching nutricional para ni\u00f1os y padres- Nutritional Coaching","og_description":"Coaching nutricional para ni\u00f1os y padres. Un libro que aporta informaci\u00f3n nutricional y estrategias para conseguir unos buenos h\u00e1bitos.","og_url":"https:\/\/nutritionalcoaching.com\/en\/product\/coaching-nutricional-para-ninos-y-padres-tu-hijo-querra-comer-bien\/","og_site_name":"Nutritional Coaching","article_publisher":"https:\/\/www.facebook.com\/Nutritional-Coaching-Experts-en-nutrici-93749075049\/","article_modified_time":"2022-03-17T12:33:03+00:00","og_image":[{"width":576,"height":726,"url":"https:\/\/nutritionalcoaching.com\/wp-content\/uploads\/2021\/09\/CN-nin\u0303os-y-padres.jpg","type":"image\/jpeg"}],"twitter_card":"summary_large_image","twitter_site":"@Nutricioncoach","schema":{"@context":"https:\/\/schema.org","@graph":[{"@type":"WebPage","@id":"https:\/\/nutritionalcoaching.com\/producto\/coaching-nutricional-para-ninos-y-padres-tu-hijo-querra-comer-bien\/","url":"https:\/\/nutritionalcoaching.com\/producto\/coaching-nutricional-para-ninos-y-padres-tu-hijo-querra-comer-bien\/","name":"Coaching nutricional para ni\u00f1os y padres- Nutritional Coaching","isPartOf":{"@id":"https:\/\/nutritionalcoaching.com\/#website"},"primaryImageOfPage":{"@id":"https:\/\/nutritionalcoaching.com\/producto\/coaching-nutricional-para-ninos-y-padres-tu-hijo-querra-comer-bien\/#primaryimage"},"image":{"@id":"https:\/\/nutritionalcoaching.com\/producto\/coaching-nutricional-para-ninos-y-padres-tu-hijo-querra-comer-bien\/#primaryimage"},"thumbnailUrl":"https:\/\/i0.wp.com\/nutritionalcoaching.com\/wp-content\/uploads\/2021\/09\/CN-nin%CC%83os-y-padres.jpg?fit=576%2C726&ssl=1","datePublished":"2021-09-30T08:11:43+00:00","dateModified":"2022-03-17T12:33:03+00:00","description":"Coaching nutricional para ni\u00f1os y padres. Un libro que aporta informaci\u00f3n nutricional y estrategias para conseguir unos buenos h\u00e1bitos.","breadcrumb":{"@id":"https:\/\/nutritionalcoaching.com\/producto\/coaching-nutricional-para-ninos-y-padres-tu-hijo-querra-comer-bien\/#breadcrumb"},"inLanguage":"en-US","potentialAction":[{"@type":"ReadAction","target":["https:\/\/nutritionalcoaching.com\/producto\/coaching-nutricional-para-ninos-y-padres-tu-hijo-querra-comer-bien\/"]}]},{"@type":"ImageObject","inLanguage":"en-US","@id":"https:\/\/nutritionalcoaching.com\/producto\/coaching-nutricional-para-ninos-y-padres-tu-hijo-querra-comer-bien\/#primaryimage","url":"https:\/\/i0.wp.com\/nutritionalcoaching.com\/wp-content\/uploads\/2021\/09\/CN-nin%CC%83os-y-padres.jpg?fit=576%2C726&ssl=1","contentUrl":"https:\/\/i0.wp.com\/nutritionalcoaching.com\/wp-content\/uploads\/2021\/09\/CN-nin%CC%83os-y-padres.jpg?fit=576%2C726&ssl=1","width":576,"height":726,"caption":"Coaching nutricional para ni\u00f1os y padres"},{"@type":"BreadcrumbList","@id":"https:\/\/nutritionalcoaching.com\/producto\/coaching-nutricional-para-ninos-y-padres-tu-hijo-querra-comer-bien\/#breadcrumb","itemListElement":[{"@type":"ListItem","position":1,"name":"Home","item":"https:\/\/nutritionalcoaching.com\/"},{"@type":"ListItem","position":2,"name":"Librer\u00eda","item":"https:\/\/nutritionalcoaching.com\/libreria\/"},{"@type":"ListItem","position":3,"name":"Coaching nutricional para ni\u00f1os y padres: Tu hijo querr\u00e1 comer bien"}]},{"@type":"WebSite","@id":"https:\/\/nutritionalcoaching.com\/#website","url":"https:\/\/nutritionalcoaching.com\/","name":"Nutritional Coaching","description":"Expertos en nutrici\u00f3n","publisher":{"@id":"https:\/\/nutritionalcoaching.com\/#organization"},"alternateName":"Nutritional","potentialAction":[{"@type":"SearchAction","target":{"@type":"EntryPoint","urlTemplate":"https:\/\/nutritionalcoaching.com\/?s={search_term_string}"},"query-input":{"@type":"PropertyValueSpecification","valueRequired":true,"valueName":"search_term_string"}}],"inLanguage":"en-US"},{"@type":"Organization","@id":"https:\/\/nutritionalcoaching.com\/#organization","name":"Nutritional Coaching","alternateName":"Nutritional","url":"https:\/\/nutritionalcoaching.com\/","logo":{"@type":"ImageObject","inLanguage":"en-US","@id":"https:\/\/nutritionalcoaching.com\/#\/schema\/logo\/image\/","url":"https:\/\/i0.wp.com\/nutritionalcoaching.com\/wp-content\/uploads\/2021\/11\/logo_nutritional.png?fit=300%2C79&ssl=1","contentUrl":"https:\/\/i0.wp.com\/nutritionalcoaching.com\/wp-content\/uploads\/2021\/11\/logo_nutritional.png?fit=300%2C79&ssl=1","width":300,"height":79,"caption":"Nutritional Coaching"},"image":{"@id":"https:\/\/nutritionalcoaching.com\/#\/schema\/logo\/image\/"},"sameAs":["https:\/\/www.facebook.com\/Nutritional-Coaching-Experts-en-nutrici-93749075049\/","https:\/\/x.com\/Nutricioncoach","https:\/\/www.instagram.com\/nutritional_coaching\/","https:\/\/my.linkedin.com\/company\/nutritional-coaching","https:\/\/www.youtube.com\/user\/NUTRITIONALCOACHING"]}]}},"jetpack_sharing_enabled":true,"_links":{"self":[{"href":"https:\/\/nutritionalcoaching.com\/en\/wp-json\/wp\/v2\/product\/14897","targetHints":{"allow":["GET"]}}],"collection":[{"href":"https:\/\/nutritionalcoaching.com\/en\/wp-json\/wp\/v2\/product"}],"about":[{"href":"https:\/\/nutritionalcoaching.com\/en\/wp-json\/wp\/v2\/types\/product"}],"replies":[{"embeddable":true,"href":"https:\/\/nutritionalcoaching.com\/en\/wp-json\/wp\/v2\/comments?post=14897"}],"version-history":[{"count":0,"href":"https:\/\/nutritionalcoaching.com\/en\/wp-json\/wp\/v2\/product\/14897\/revisions"}],"wp:featuredmedia":[{"embeddable":true,"href":"https:\/\/nutritionalcoaching.com\/en\/wp-json\/wp\/v2\/media\/14900"}],"wp:attachment":[{"href":"https:\/\/nutritionalcoaching.com\/en\/wp-json\/wp\/v2\/media?parent=14897"}],"wp:term":[{"taxonomy":"product_brand","embeddable":true,"href":"https:\/\/nutritionalcoaching.com\/en\/wp-json\/wp\/v2\/product_brand?post=14897"},{"taxonomy":"product_cat","embeddable":true,"href":"https:\/\/nutritionalcoaching.com\/en\/wp-json\/wp\/v2\/product_cat?post=14897"},{"taxonomy":"product_tag","embeddable":true,"href":"https:\/\/nutritionalcoaching.com\/en\/wp-json\/wp\/v2\/product_tag?post=14897"}],"curies":[{"name":"wp","href":"https:\/\/api.w.org\/{rel}","templated":true}]}}