{"id":15503,"date":"2021-10-21T07:40:44","date_gmt":"2021-10-21T07:40:44","guid":{"rendered":"https:\/\/nutritionalcoaching.einatec.com\/?page_id=15503"},"modified":"2022-03-16T16:51:54","modified_gmt":"2022-03-16T15:51:54","slug":"aviso-legal-y-condiciones-de-uso","status":"publish","type":"page","link":"https:\/\/nutritionalcoaching.com\/en\/aviso-legal-y-condiciones-de-uso\/","title":{"rendered":"Aviso legal y Condiciones de uso"},"content":{"rendered":"<div data-elementor-type=\"wp-page\" data-elementor-id=\"15503\" class=\"elementor elementor-15503\" data-elementor-post-type=\"page\">\n\t\t\t\t\t\t<section class=\"elementor-section elementor-top-section elementor-element elementor-element-01bc4ca elementor-section-boxed elementor-section-height-default elementor-section-height-default\" data-id=\"01bc4ca\" data-element_type=\"section\" data-e-type=\"section\">\n\t\t\t\t\t\t<div class=\"elementor-container elementor-column-gap-default\">\n\t\t\t\t\t<div class=\"elementor-column elementor-col-100 elementor-top-column elementor-element elementor-element-2315034\" data-id=\"2315034\" data-element_type=\"column\" data-e-type=\"column\">\n\t\t\t<div class=\"elementor-widget-wrap elementor-element-populated\">\n\t\t\t\t\t\t<section class=\"elementor-section elementor-inner-section elementor-element elementor-element-d4c8d81 elementor-section-boxed elementor-section-height-default elementor-section-height-default\" data-id=\"d4c8d81\" data-element_type=\"section\" data-e-type=\"section\">\n\t\t\t\t\t\t<div class=\"elementor-container elementor-column-gap-default\">\n\t\t\t\t\t<div class=\"elementor-column elementor-col-50 elementor-inner-column elementor-element elementor-element-45f8cb7\" data-id=\"45f8cb7\" data-element_type=\"column\" data-e-type=\"column\">\n\t\t\t<div class=\"elementor-widget-wrap elementor-element-populated\">\n\t\t\t\t\t\t<div class=\"elementor-element elementor-element-e7e4c82 elementor-invisible elementor-widget elementor-widget-heading\" data-id=\"e7e4c82\" data-element_type=\"widget\" data-e-type=\"widget\" data-settings=\"{&quot;_animation&quot;:&quot;fadeInDown&quot;}\" data-widget_type=\"heading.default\">\n\t\t\t\t<div class=\"elementor-widget-container\">\n\t\t\t\t\t<h2 class=\"elementor-heading-title elementor-size-default\">Aviso legal y condiciones de uso<\/h2>\t\t\t\t<\/div>\n\t\t\t\t<\/div>\n\t\t\t\t<div class=\"elementor-element elementor-element-66db521 elementor-widget elementor-widget-breadcrumbs\" data-id=\"66db521\" data-element_type=\"widget\" data-e-type=\"widget\" data-widget_type=\"breadcrumbs.default\">\n\t\t\t\t<div class=\"elementor-widget-container\">\n\t\t\t\t\t<p id=\"breadcrumbs\"><span><span><a href=\"https:\/\/nutritionalcoaching.com\/en\/\">Home<\/a><\/span><\/span><\/p>\t\t\t\t<\/div>\n\t\t\t\t<\/div>\n\t\t\t\t\t<\/div>\n\t\t<\/div>\n\t\t\t\t<div class=\"elementor-column elementor-col-50 elementor-inner-column elementor-element elementor-element-a5d250b\" data-id=\"a5d250b\" data-element_type=\"column\" data-e-type=\"column\">\n\t\t\t<div class=\"elementor-widget-wrap\">\n\t\t\t\t\t\t\t<\/div>\n\t\t<\/div>\n\t\t\t\t\t<\/div>\n\t\t<\/section>\n\t\t\t\t\t<\/div>\n\t\t<\/div>\n\t\t\t\t\t<\/div>\n\t\t<\/section>\n\t\t\t\t<section class=\"elementor-section elementor-top-section elementor-element elementor-element-78bd15c elementor-section-boxed elementor-section-height-default elementor-section-height-default\" data-id=\"78bd15c\" data-element_type=\"section\" data-e-type=\"section\">\n\t\t\t\t\t\t<div class=\"elementor-container elementor-column-gap-default\">\n\t\t\t\t\t<div class=\"elementor-column elementor-col-100 elementor-top-column elementor-element elementor-element-2c1a66b\" data-id=\"2c1a66b\" data-element_type=\"column\" data-e-type=\"column\">\n\t\t\t<div class=\"elementor-widget-wrap elementor-element-populated\">\n\t\t\t\t\t\t<div class=\"elementor-element elementor-element-4cfef09 elementor-widget elementor-widget-text-editor\" data-id=\"4cfef09\" data-element_type=\"widget\" data-e-type=\"widget\" data-widget_type=\"text-editor.default\">\n\t\t\t\t<div class=\"elementor-widget-container\">\n\t\t\t\t\t\t\t\t\t<p><strong>1.- INFORMACI\u00d3N CORPORATIVA<\/strong><\/p><p>En cumplimiento del deber de informaci\u00f3n regulado en el art\u00edculo 10 de la Ley 34\/2002, de 11 de julio, de Servicios de la Sociedad de la Informaci\u00f3n y del Comercio Electr\u00f3nico, se pone a disposici\u00f3n la siguiente informaci\u00f3n:<\/p><p>El titular de este sitio web alojado bajo el dominio www.nutritionalcoaching.com (en adelante, el \u201cSitio Web\u201d) es de NUTRITIONAL COACHING, S.L. (en adelante, \u201cNutritional Coaching\u201d), sociedad de nacionalidad espa\u00f1ola, con C.I.F. B66047648, domicilio social en C\/Muntaner 81 5-2 08011 \/ Barcelona, debidamente inscrita en el Registro Mercantil de Barcelona, en el tomo 43778, folio 0207, hoja B-438050 e inscripci\u00f3n 1a. La direcci\u00f3n de correo electr\u00f3nico de contacto con la empresa es: <a href=\"mailto:info@nutritionalcoaching.com\">info@nutritionalcoaching.com<\/a>.<\/p><p>\u00a0<\/p><p><strong>2.- CONDICIONES DE USO DEL SITIO WEB<\/strong><\/p><p>Las presentes Condiciones de Uso regulan el acceso y libre uso del Sitio Web. A los efectos de estas Condiciones de Uso, toda persona f\u00edsica o jur\u00eddica que acceda al Sitio Web tendr\u00e1 la consideraci\u00f3n de \u201cUsuario\u201d. El acceso o uso del Sitio Web implican la aceptaci\u00f3n por parte del Usuario de las presentes Condiciones de Uso. Por medio de la aceptaci\u00f3n de estas Condiciones de Uso, el Usuario manifiesta que ha le\u00eddo, entiende y comprende lo aqu\u00ed expuesto y asume todas las obligaciones aqu\u00ed indicadas. El Usuario debe leer atentamente las Condiciones de Uso cada vez que acceda al Sitio Web ya que \u00e9stas podr\u00edan sufrir modificaciones. Adicionalmente, Nutritional Coaching podr\u00e1 establecer condiciones particulares para la contrataci\u00f3n o utilizaci\u00f3n de determinados servicios o productos que se ofrezcan a trav\u00e9s del Sitio Web.<\/p><p>El acceso al Sitio Web es gratuito salvo en lo relativo a aquellos servicios que se se\u00f1alen, a los que se podr\u00e1 acceder de acuerdo con sus respectivas condiciones particulares seg\u00fan se expresen. Para el acceso a los contenidos del Sitio Web no ser\u00e1 necesario el registro del Usuario; no obstante, la utilizaci\u00f3n de determinados servicios est\u00e1 condicionada al registro previo del Usuario, as\u00ed como a la aportaci\u00f3n de determinados datos personales.<\/p><ul><li>El Sitio Web proporciona gran diversidad de informaci\u00f3n, servicios y datos. El Usuario asume su responsabilidad en el uso correcto del Sitio Web. Esta responsabilidad se extender\u00e1 a:<\/li><li>La veracidad y licitud de las informaciones aportadas por el Usuario en los formularios extendidos por Nutritional Coaching para el acceso a ciertos contenidos o servicios ofrecidos por el Sitio Web.<\/li><li>Una diligente custodia de su acceso y contrase\u00f1a, asumiendo los da\u00f1os y perjuicios que pudieran derivarse de su uso indebido, as\u00ed como de la cesi\u00f3n, revelaci\u00f3n o extrav\u00edo de la misma.<\/li><li>El uso de la informaci\u00f3n, servicios y datos ofrecidos por Nutritional Coaching contrariamente a lo dispuesto por las presentes Condiciones de Uso, la Ley, los principios de buena fe, la moral, las buenas costumbres o el orden p\u00fablico, o que de cualquier otro modo puedan suponer lesi\u00f3n de los derechos de terceros o del mismo funcionamiento del Sitio Web.<\/li><li>El Usuario es el \u00fanico responsable de los contenidos, informaciones, opiniones o alusiones de cualquier tipo que pueda comunicar a trav\u00e9s del Sitio Web, as\u00ed como de su incumplimiento de las pol\u00edticas y condiciones contenidas en el Sitio Web y de aquellas espec\u00edficas aparejadas a los servicios que el Usuario contrate a trav\u00e9s del Sitio Web.<\/li><\/ul><p>\u00a0<\/p><p><strong>3.- RESPONSABILIDADES DE LA UTILIZACI\u00d3N DEL SITIO WEB<\/strong><\/p><p>Nutritional Coaching no se hace responsable de ninguno de los contenidos, archivos, informaciones, opiniones, conceptos, publicidad u im\u00e1genes que se emitan, publiquen o distribuyan directa o indirectamente a trav\u00e9s de cualquier web interconectada a la que el Usuario pueda acceder a trav\u00e9s de los enlaces establecidos en su Sitio Web; y, declara que en ning\u00fan caso proceder\u00e1 a examinar o ejercitar ning\u00fan tipo de control sobre el contenido de otros sitios de la red. Asimismo, tampoco garantizar\u00e1 la disponibilidad t\u00e9cnica, exactitud, veracidad, validez o legalidad de sitios ajenos a su propiedad a los que se pueda acceder por medio de los enlaces. En ning\u00fan caso, los enlaces implicar\u00e1n la formalizaci\u00f3n de acuerdos con los responsables o titulares de los mismos, ni la recomendaci\u00f3n, promoci\u00f3n o identificaci\u00f3n de Nutritional Coaching con las manifestaciones, contenidos o servicios proporcionados en dichos enlaces.<\/p><p>Nutritional Coaching podr\u00e1, sin necesidad de preaviso y en cualquier momento, realizar correcciones, mejoras o modificaciones en la informaciones contenidas en el Sitio Web; no haci\u00e9ndose responsable de los da\u00f1os y perjuicios de cualquier naturaleza que puedan derivarse de la disponibilidad y continuidad t\u00e9cnica del funcionamiento del Sitio Web; no obstante, en caso de que se produjera un fallo t\u00e9cnico, realizar\u00e1 todas las actuaciones que fueran necesarias para restablecer sus servicios.<\/p><p>Nutritional Coaching declara haber adoptado todas las medidas necesarias para evitar cualquier da\u00f1o al Usuario de su Sitio Web, que pudieran derivarse de la navegaci\u00f3n por el mismo. En consecuencia, Nutritional Coaching no se hace responsable, en ning\u00fan caso, de los eventuales da\u00f1os que por la navegaci\u00f3n por Internet pudiera sufrir el Usuario.<\/p><p>\u00a0<\/p><p><strong>4.- MODIFICACIONES DE LAS CONDICIONES DE USO<\/strong><\/p><p>NUTRITIONAL COACHING se reserva el derecho a realizar, en cualquier momento y sin necesidad de preaviso, las modificaciones que considere oportunas, en el contenido de su Sitio Web, incluyendo las presentes Condiciones de Uso. Dichas modificaciones podr\u00e1n realizarse a trav\u00e9s de su Sitio Web por cualquier forma admisible en derecho y ser\u00e1n de obligado cumplimiento durante el tiempo en que se encuentren publicadas en el Sitio Web y hasta que no sean modificadas o reemplazdas v\u00e1lidamente por otras posteriores.<\/p><p>\u00a0<\/p><p><strong>5.- SERVICIOS DE CONTRATACI\u00d3N POR INTERNET <\/strong><\/p><p>Ciertos contenidos del Sitio Web de NUTRITIONAL COACHING contienen la posibilidad de contrataci\u00f3n por Internet. El uso de los mismos requerir\u00e1 la lectura y aceptaci\u00f3n obligatoria de las <a href=\"https:\/\/nutritionalcoaching.com\/en\/condiciones-de-contratacion\/\">Condiciones de Contrataci\u00f3n<\/a>\u00a0 establecidas al efecto por NUTRITIONAL COACHING.<\/p><p>\u00a0<\/p><p><strong>6.- PROTECCI\u00d3N DE DATOS <\/strong><\/p><p>La recogida y tratamiento de los datos personales suministrados por el Usuario as\u00ed como el ejercicio de los derechos de \u00e9ste sobre tales datos, se regir\u00e1n de conformidad con la <a href=\"https:\/\/nutritionalcoaching.com\/en\/politica-de-privacidad\/\">Pol\u00edtica de Privacidad<\/a>\u00a0 and <a href=\"https:\/\/nutritionalcoaching.com\/en\/politica-de-cookies\/\">Pol\u00edtica de Cookies<\/a> del Sitio Web.<\/p><p>\u00a0<\/p><p><strong>7.- PROPIEDAD INTELECTUAL E INDUSTRIAL <\/strong><\/p><p>Nutritional Coaching, es titular, o explota bajo licencia de terceros titulares, de todos los derechos de propiedad intelectual y\/o industrial de los contenidos de su Sitio Web (incluyendo de forma no limitativa, informaciones, art\u00edculos, datos, iconos, interfaces de Usuario, interfaces visuales, im\u00e1genes, sonido, audio, v\u00eddeo, software o textos; marcas o logotipos, combinaciones de colores, estructura y dise\u00f1o, selecci\u00f3n de materiales usados, programas de ordenador necesarios para su funcionamiento, acceso y uso, est\u00e9n o no protegidos por copyright, patentes, marcas u otros derechos o instrumentos de propiedad intelectual o industrial). Ser\u00e1n, por consiguiente, obras protegidas como propiedad intelectual por el ordenamiento jur\u00eddico espa\u00f1ol, si\u00e9ndoles aplicables tanto la normativa espa\u00f1ola y comunitaria en este campo, como los tratados internacionales relativos a la materia y suscritos por Espa\u00f1a.<\/p><p>Todos los derechos reservados. En virtud de lo dispuesto en la Ley de Propiedad Intelectual, quedan expresamente prohibidas cualquier forma de reproducci\u00f3n, distribuci\u00f3n, comunicaci\u00f3n p\u00fablica (incluida su modalidad de puesta a disposici\u00f3n), transformaci\u00f3n y en general, cualquier acto de explotaci\u00f3n de la totalidad o parte de los contenidos que integran el Sitio Web, con fines comerciales ya sea de forma directa o indirecta, en cualquier soporte y por cualquier medio t\u00e9cnico, sin la previa autorizaci\u00f3n expresa de Nutritional Coaching.<\/p><p>El Usuario se compromete a respetar los derechos de Propiedad Intelectual e Industrial titularidad de Nutritional Coaching. Podr\u00e1 visualizar los elementos del Sitio Web e incluso imprimirlos, copiarlos y almacenarlos en el disco duro de su ordenador o en cualquier otro soporte f\u00edsico siempre y cuando sea, \u00fanica y exclusivamente, para su uso personal y privado. El Usuario deber\u00e1 abstenerse de suprimir, alterar, eludir o manipular cualquier dispositivo de protecci\u00f3n o sistema de seguridad que estuviera instalado en las p\u00e1ginas de Nutritional Coaching.<\/p><p>\u00a0<\/p><p><strong>8.- ACCIONES LEGALES, LEGISLACI\u00d3N APLICABLE Y JURISDICCI\u00d3N <\/strong><\/p><p>Nutritional Coaching se reserva, asimismo, la facultad de presentar las acciones legales que considere oportunas por la utilizaci\u00f3n indebida de su Sitio Web y contenidos, o por el incumplimiento de las presentes Condiciones de Uso.<\/p><p>La relaci\u00f3n entre el Usuario y Nutritional Coaching se regir\u00e1 por la normativa vigente y de aplicaci\u00f3n en el territorio espa\u00f1ol. De surgir cualquier controversia, dichas partes podr\u00e1n someter sus conflictos a arbitraje o acudir a la jurisdicci\u00f3n ordinaria cumpliendo con las normas sobre jurisdicci\u00f3n y competencia al respecto. No obstante, en aquellos casos en los que la normativa vigente prevea la posibilidad de que las partes puedan someterse a un fuero determinado, Nutritional Coaching y el Usuario, con renuncia expresa a cualquier otro fuero que pudiera corresponderles, se someten a los Juzgados y Tribunales de la ciudad de Barcelona (Espa\u00f1a).<\/p>\t\t\t\t\t\t\t\t<\/div>\n\t\t\t\t<\/div>\n\t\t\t\t\t<\/div>\n\t\t<\/div>\n\t\t\t\t\t<\/div>\n\t\t<\/section>\n\t\t\t\t<section class=\"elementor-section elementor-top-section elementor-element elementor-element-30e3249 elementor-section-boxed elementor-section-height-default elementor-section-height-default\" data-id=\"30e3249\" data-element_type=\"section\" data-e-type=\"section\">\n\t\t\t\t\t\t<div class=\"elementor-container elementor-column-gap-default\">\n\t\t\t\t\t<div class=\"elementor-column elementor-col-100 elementor-top-column elementor-element elementor-element-b5fd187\" data-id=\"b5fd187\" data-element_type=\"column\" data-e-type=\"column\">\n\t\t\t<div class=\"elementor-widget-wrap elementor-element-populated\">\n\t\t\t\t\t\t<div class=\"elementor-element elementor-element-5e3e52a elementor-widget elementor-widget-spacer\" data-id=\"5e3e52a\" data-element_type=\"widget\" data-e-type=\"widget\" data-widget_type=\"spacer.default\">\n\t\t\t\t<div class=\"elementor-widget-container\">\n\t\t\t\t\t\t\t<div class=\"elementor-spacer\">\n\t\t\t<div class=\"elementor-spacer-inner\"><\/div>\n\t\t<\/div>\n\t\t\t\t\t\t<\/div>\n\t\t\t\t<\/div>\n\t\t\t\t\t<\/div>\n\t\t<\/div>\n\t\t\t\t\t<\/div>\n\t\t<\/section>\n\t\t\t\t<\/div>","protected":false},"excerpt":{"rendered":"<p>Aviso legal y condiciones de uso 1.- INFORMACI\u00d3N CORPORATIVA En cumplimiento del deber de informaci\u00f3n regulado en el art\u00edculo 10 de la Ley 34\/2002, de 11 de julio, de Servicios de la Sociedad de la Informaci\u00f3n y del Comercio Electr\u00f3nico, se pone a disposici\u00f3n la siguiente informaci\u00f3n: El titular de este sitio web alojado bajo [&hellip;]<\/p>\n","protected":false},"author":617,"featured_media":0,"parent":0,"menu_order":0,"comment_status":"closed","ping_status":"closed","template":"","meta":{"_joinchat":[],"footnotes":""},"class_list":["post-15503","page","type-page","status-publish","hentry"],"yoast_head":"<!-- This site is optimized with the Yoast SEO plugin v27.4 - https:\/\/yoast.com\/product\/yoast-seo-wordpress\/ -->\n<title>Aviso legal y Condiciones de uso - Nutritional Coaching<\/title>\n<meta name=\"description\" content=\"En Nutritional Coaching te acompa\u00f1amos en tu camino de cambio con Aviso legal y Condiciones de uso para que logres tus objetivos.\" \/>\n<meta name=\"robots\" content=\"noindex, nofollow\" \/>\n<meta property=\"og:locale\" content=\"en_US\" \/>\n<meta property=\"og:type\" content=\"article\" \/>\n<meta property=\"og:title\" content=\"Aviso legal y Condiciones de uso - Nutritional Coaching\" \/>\n<meta property=\"og:description\" content=\"En Nutritional Coaching te acompa\u00f1amos en tu camino de cambio con Aviso legal y Condiciones de uso para que logres tus objetivos.\" \/>\n<meta property=\"og:url\" content=\"https:\/\/nutritionalcoaching.com\/en\/aviso-legal-y-condiciones-de-uso\/\" \/>\n<meta property=\"og:site_name\" content=\"Nutritional Coaching\" \/>\n<meta property=\"article:publisher\" content=\"https:\/\/www.facebook.com\/Nutritional-Coaching-Experts-en-nutrici-93749075049\/\" \/>\n<meta property=\"article:modified_time\" content=\"2022-03-16T15:51:54+00:00\" \/>\n<meta name=\"twitter:card\" content=\"summary_large_image\" \/>\n<meta name=\"twitter:site\" content=\"@Nutricioncoach\" \/>\n<script type=\"application\/ld+json\" class=\"yoast-schema-graph\">{\"@context\":\"https:\\\/\\\/schema.org\",\"@graph\":[{\"@type\":\"WebPage\",\"@id\":\"https:\\\/\\\/nutritionalcoaching.com\\\/aviso-legal-y-condiciones-de-uso\\\/\",\"url\":\"https:\\\/\\\/nutritionalcoaching.com\\\/aviso-legal-y-condiciones-de-uso\\\/\",\"name\":\"Aviso legal y Condiciones de uso - Nutritional Coaching\",\"isPartOf\":{\"@id\":\"https:\\\/\\\/nutritionalcoaching.com\\\/#website\"},\"datePublished\":\"2021-10-21T07:40:44+00:00\",\"dateModified\":\"2022-03-16T15:51:54+00:00\",\"description\":\"En Nutritional Coaching te acompa\u00f1amos en tu camino de cambio con Aviso legal y Condiciones de uso para que logres tus objetivos.\",\"breadcrumb\":{\"@id\":\"https:\\\/\\\/nutritionalcoaching.com\\\/aviso-legal-y-condiciones-de-uso\\\/#breadcrumb\"},\"inLanguage\":\"en-US\",\"potentialAction\":[{\"@type\":\"ReadAction\",\"target\":[\"https:\\\/\\\/nutritionalcoaching.com\\\/aviso-legal-y-condiciones-de-uso\\\/\"]}]},{\"@type\":\"BreadcrumbList\",\"@id\":\"https:\\\/\\\/nutritionalcoaching.com\\\/aviso-legal-y-condiciones-de-uso\\\/#breadcrumb\",\"itemListElement\":[{\"@type\":\"ListItem\",\"position\":1,\"name\":\"Home\",\"item\":\"https:\\\/\\\/nutritionalcoaching.com\\\/\"},{\"@type\":\"ListItem\",\"position\":2,\"name\":\"Aviso legal y Condiciones de uso\"}]},{\"@type\":\"WebSite\",\"@id\":\"https:\\\/\\\/nutritionalcoaching.com\\\/#website\",\"url\":\"https:\\\/\\\/nutritionalcoaching.com\\\/\",\"name\":\"Nutritional Coaching\",\"description\":\"Expertos en nutrici\u00f3n\",\"publisher\":{\"@id\":\"https:\\\/\\\/nutritionalcoaching.com\\\/#organization\"},\"alternateName\":\"Nutritional\",\"potentialAction\":[{\"@type\":\"SearchAction\",\"target\":{\"@type\":\"EntryPoint\",\"urlTemplate\":\"https:\\\/\\\/nutritionalcoaching.com\\\/?s={search_term_string}\"},\"query-input\":{\"@type\":\"PropertyValueSpecification\",\"valueRequired\":true,\"valueName\":\"search_term_string\"}}],\"inLanguage\":\"en-US\"},{\"@type\":\"Organization\",\"@id\":\"https:\\\/\\\/nutritionalcoaching.com\\\/#organization\",\"name\":\"Nutritional Coaching\",\"alternateName\":\"Nutritional\",\"url\":\"https:\\\/\\\/nutritionalcoaching.com\\\/\",\"logo\":{\"@type\":\"ImageObject\",\"inLanguage\":\"en-US\",\"@id\":\"https:\\\/\\\/nutritionalcoaching.com\\\/#\\\/schema\\\/logo\\\/image\\\/\",\"url\":\"https:\\\/\\\/i0.wp.com\\\/nutritionalcoaching.com\\\/wp-content\\\/uploads\\\/2021\\\/11\\\/logo_nutritional.png?fit=300%2C79&ssl=1\",\"contentUrl\":\"https:\\\/\\\/i0.wp.com\\\/nutritionalcoaching.com\\\/wp-content\\\/uploads\\\/2021\\\/11\\\/logo_nutritional.png?fit=300%2C79&ssl=1\",\"width\":300,\"height\":79,\"caption\":\"Nutritional Coaching\"},\"image\":{\"@id\":\"https:\\\/\\\/nutritionalcoaching.com\\\/#\\\/schema\\\/logo\\\/image\\\/\"},\"sameAs\":[\"https:\\\/\\\/www.facebook.com\\\/Nutritional-Coaching-Experts-en-nutrici-93749075049\\\/\",\"https:\\\/\\\/x.com\\\/Nutricioncoach\",\"https:\\\/\\\/www.instagram.com\\\/nutritional_coaching\\\/\",\"https:\\\/\\\/my.linkedin.com\\\/company\\\/nutritional-coaching\",\"https:\\\/\\\/www.youtube.com\\\/user\\\/NUTRITIONALCOACHING\"]}]}<\/script>\n<!-- \/ Yoast SEO plugin. -->","yoast_head_json":{"title":"Aviso legal y Condiciones de uso - Nutritional Coaching","description":"En Nutritional Coaching te acompa\u00f1amos en tu camino de cambio con Aviso legal y Condiciones de uso para que logres tus objetivos.","robots":{"index":"noindex","follow":"nofollow"},"og_locale":"en_US","og_type":"article","og_title":"Aviso legal y Condiciones de uso - Nutritional Coaching","og_description":"En Nutritional Coaching te acompa\u00f1amos en tu camino de cambio con Aviso legal y Condiciones de uso para que logres tus objetivos.","og_url":"https:\/\/nutritionalcoaching.com\/en\/aviso-legal-y-condiciones-de-uso\/","og_site_name":"Nutritional Coaching","article_publisher":"https:\/\/www.facebook.com\/Nutritional-Coaching-Experts-en-nutrici-93749075049\/","article_modified_time":"2022-03-16T15:51:54+00:00","twitter_card":"summary_large_image","twitter_site":"@Nutricioncoach","schema":{"@context":"https:\/\/schema.org","@graph":[{"@type":"WebPage","@id":"https:\/\/nutritionalcoaching.com\/aviso-legal-y-condiciones-de-uso\/","url":"https:\/\/nutritionalcoaching.com\/aviso-legal-y-condiciones-de-uso\/","name":"Aviso legal y Condiciones de uso - Nutritional Coaching","isPartOf":{"@id":"https:\/\/nutritionalcoaching.com\/#website"},"datePublished":"2021-10-21T07:40:44+00:00","dateModified":"2022-03-16T15:51:54+00:00","description":"En Nutritional Coaching te acompa\u00f1amos en tu camino de cambio con Aviso legal y Condiciones de uso para que logres tus objetivos.","breadcrumb":{"@id":"https:\/\/nutritionalcoaching.com\/aviso-legal-y-condiciones-de-uso\/#breadcrumb"},"inLanguage":"en-US","potentialAction":[{"@type":"ReadAction","target":["https:\/\/nutritionalcoaching.com\/aviso-legal-y-condiciones-de-uso\/"]}]},{"@type":"BreadcrumbList","@id":"https:\/\/nutritionalcoaching.com\/aviso-legal-y-condiciones-de-uso\/#breadcrumb","itemListElement":[{"@type":"ListItem","position":1,"name":"Home","item":"https:\/\/nutritionalcoaching.com\/"},{"@type":"ListItem","position":2,"name":"Aviso legal y Condiciones de uso"}]},{"@type":"WebSite","@id":"https:\/\/nutritionalcoaching.com\/#website","url":"https:\/\/nutritionalcoaching.com\/","name":"Nutritional Coaching","description":"Expertos en nutrici\u00f3n","publisher":{"@id":"https:\/\/nutritionalcoaching.com\/#organization"},"alternateName":"Nutritional","potentialAction":[{"@type":"SearchAction","target":{"@type":"EntryPoint","urlTemplate":"https:\/\/nutritionalcoaching.com\/?s={search_term_string}"},"query-input":{"@type":"PropertyValueSpecification","valueRequired":true,"valueName":"search_term_string"}}],"inLanguage":"en-US"},{"@type":"Organization","@id":"https:\/\/nutritionalcoaching.com\/#organization","name":"Nutritional Coaching","alternateName":"Nutritional","url":"https:\/\/nutritionalcoaching.com\/","logo":{"@type":"ImageObject","inLanguage":"en-US","@id":"https:\/\/nutritionalcoaching.com\/#\/schema\/logo\/image\/","url":"https:\/\/i0.wp.com\/nutritionalcoaching.com\/wp-content\/uploads\/2021\/11\/logo_nutritional.png?fit=300%2C79&ssl=1","contentUrl":"https:\/\/i0.wp.com\/nutritionalcoaching.com\/wp-content\/uploads\/2021\/11\/logo_nutritional.png?fit=300%2C79&ssl=1","width":300,"height":79,"caption":"Nutritional Coaching"},"image":{"@id":"https:\/\/nutritionalcoaching.com\/#\/schema\/logo\/image\/"},"sameAs":["https:\/\/www.facebook.com\/Nutritional-Coaching-Experts-en-nutrici-93749075049\/","https:\/\/x.com\/Nutricioncoach","https:\/\/www.instagram.com\/nutritional_coaching\/","https:\/\/my.linkedin.com\/company\/nutritional-coaching","https:\/\/www.youtube.com\/user\/NUTRITIONALCOACHING"]}]}},"jetpack_sharing_enabled":true,"_links":{"self":[{"href":"https:\/\/nutritionalcoaching.com\/en\/wp-json\/wp\/v2\/pages\/15503","targetHints":{"allow":["GET"]}}],"collection":[{"href":"https:\/\/nutritionalcoaching.com\/en\/wp-json\/wp\/v2\/pages"}],"about":[{"href":"https:\/\/nutritionalcoaching.com\/en\/wp-json\/wp\/v2\/types\/page"}],"author":[{"embeddable":true,"href":"https:\/\/nutritionalcoaching.com\/en\/wp-json\/wp\/v2\/users\/617"}],"replies":[{"embeddable":true,"href":"https:\/\/nutritionalcoaching.com\/en\/wp-json\/wp\/v2\/comments?post=15503"}],"version-history":[{"count":0,"href":"https:\/\/nutritionalcoaching.com\/en\/wp-json\/wp\/v2\/pages\/15503\/revisions"}],"wp:attachment":[{"href":"https:\/\/nutritionalcoaching.com\/en\/wp-json\/wp\/v2\/media?parent=15503"}],"curies":[{"name":"wp","href":"https:\/\/api.w.org\/{rel}","templated":true}]}}