{"id":22353,"date":"2020-11-19T10:59:47","date_gmt":"2020-11-19T09:59:47","guid":{"rendered":"https:\/\/nutritionalcoaching.com\/?post_type=product&#038;p=22353"},"modified":"2025-08-26T19:14:21","modified_gmt":"2025-08-26T17:14:21","slug":"recursos-nutricion-profesionales","status":"publish","type":"product","link":"http:\/\/nutritionalcoaching.com\/en\/product\/recursos-nutricion-profesionales\/","title":{"rendered":"Plantillas de educaci\u00f3n nutricional para profesionales de la salud"},"content":{"rendered":"<h2>19\u20ac<\/h2>\n<p><strong>Descripci\u00f3n: <\/strong>\u00bfCu\u00e1l es el objetivo de este Kit de plantillas? Facilitarte la vida, ofreci\u00e9ndote recursos did\u00e1cticos para promover la educaci\u00f3n nutricional y alimentaria de tus pacientes. <span style=\"font-weight: 400;\">Todos los materiales est\u00e1n elaborados por profesionales de la salud y basados en evidencia cient\u00edfica y con un dise\u00f1o muy atractivo.<\/span><\/p>\n<p><strong>\u00cdndice de contenidos:<\/strong><\/p>\n<p>1.B\u00e1sicos de un desayuno saludable<\/p>\n<p>2.C\u00f3mo consumir m\u00e1s frutas y verduras<\/p>\n<p>3.C\u00f3mo consumir m\u00e1s legumbres<\/p>\n<p>4.C\u00f3mo consumir m\u00e1s integrales<\/p>\n<p>5.C\u00f3mo ser m\u00e1s activo<\/p>\n<p>6.C\u00f3mo consumir menos az\u00facar<\/p>\n<p>7.C\u00f3mo consumir menos sal<\/p>\n<p>8.C\u00f3mo consumir menos carne roja y derivados<\/p>\n<p>9.C\u00f3mo consumir menos ultraprocesados<\/p>\n<p>10. C\u00f3mo preparar un s\u00e1ndwich delicioso y saludable<\/p>\n<p>11. Almacenamiento y selecci\u00f3n de frutas y verduras<\/p>\n<p>12. Picoteo inteligente<\/p>\n<p>13. Sustituir y reemplazar ingredientes en reposter\u00eda<\/p>\n<p>14. Ali\u00f1os inteligentes y saludables<\/p>\n<p>15. Hidrataci\u00f3n. Agua y bebidas sanas<\/p>\n<p>16. El m\u00e9todo de la mano, \u00bfCu\u00e1l es mi raci\u00f3n?<\/p>\n<p>17. M\u00e9todo del plato saludable<\/p>\n<p>18. Crononutrici\u00f3n. Ritual de sue\u00f1o<\/p>\n<p>19. Prote\u00ednas vegetales<\/p>\n<p>20. Tips de cocci\u00f3n y conservaci\u00f3n para el pescado<\/p>\n<p>21. Alimentos ricos en vitaminas y minerales<\/p>\n<p>&nbsp;<\/p>\n<p>*Libro electr\u00f3nico<\/p>\n<p>&nbsp;<\/p>","protected":false},"excerpt":{"rendered":"<p style=\"font-weight: 400;\">Simplifica, ahorra tiempo y disp\u00f3n de material atractivo, educativo y actualizado en nutrici\u00f3n y alimentaci\u00f3n para tu consulta basado en evidencia cient\u00edfica.<\/p>","protected":false},"featured_media":22416,"comment_status":"closed","ping_status":"closed","template":"","meta":{"_joinchat":[]},"product_brand":[],"product_cat":[737,22],"product_tag":[],"class_list":{"0":"post-22353","1":"product","2":"type-product","3":"status-publish","4":"has-post-thumbnail","6":"product_cat-libreria","7":"product_cat-proyectos-editoriales","9":"first","10":"instock","11":"downloadable","12":"virtual","13":"taxable","14":"purchasable","15":"product-type-simple"},"yoast_head":"<!-- This site is optimized with the Yoast SEO plugin v27.4 - https:\/\/yoast.com\/product\/yoast-seo-wordpress\/ -->\n<title>Plantillas de educaci\u00f3n nutricional para profesionales de la salud - Nutritional Coaching<\/title>\n<meta name=\"description\" content=\"Simplifica, ahorra tiempo y disp\u00f3n de material atractivo, educativo y actualizado para tu consulta basado en evidencia cient\u00edfica.\" \/>\n<meta name=\"robots\" content=\"index, follow, max-snippet:-1, max-image-preview:large, max-video-preview:-1\" \/>\n<link rel=\"canonical\" href=\"https:\/\/nutritionalcoaching.com\/en\/product\/recursos-nutricion-profesionales\/\" \/>\n<meta property=\"og:locale\" content=\"en_US\" \/>\n<meta property=\"og:type\" content=\"article\" \/>\n<meta property=\"og:title\" content=\"Plantillas de educaci\u00f3n nutricional para profesionales de la salud - Nutritional Coaching\" \/>\n<meta property=\"og:description\" content=\"Simplifica, ahorra tiempo y disp\u00f3n de material atractivo, educativo y actualizado para tu consulta basado en evidencia cient\u00edfica.\" \/>\n<meta property=\"og:url\" content=\"https:\/\/nutritionalcoaching.com\/en\/product\/recursos-nutricion-profesionales\/\" \/>\n<meta property=\"og:site_name\" content=\"Nutritional Coaching\" \/>\n<meta property=\"article:publisher\" content=\"https:\/\/www.facebook.com\/Nutritional-Coaching-Experts-en-nutrici-93749075049\/\" \/>\n<meta property=\"article:modified_time\" content=\"2025-08-26T17:14:21+00:00\" \/>\n<meta property=\"og:image\" content=\"https:\/\/nutritionalcoaching.com\/wp-content\/uploads\/2020\/11\/Portada-HANDOUTS-DEFINITIVOS-PARA-VENTA.png\" \/>\n\t<meta property=\"og:image:width\" content=\"1414\" \/>\n\t<meta property=\"og:image:height\" content=\"2000\" \/>\n\t<meta property=\"og:image:type\" content=\"image\/png\" \/>\n<meta name=\"twitter:card\" content=\"summary_large_image\" \/>\n<meta name=\"twitter:site\" content=\"@Nutricioncoach\" \/>\n<script type=\"application\/ld+json\" class=\"yoast-schema-graph\">{\"@context\":\"https:\\\/\\\/schema.org\",\"@graph\":[{\"@type\":\"WebPage\",\"@id\":\"https:\\\/\\\/nutritionalcoaching.com\\\/producto\\\/recursos-nutricion-profesionales\\\/\",\"url\":\"https:\\\/\\\/nutritionalcoaching.com\\\/producto\\\/recursos-nutricion-profesionales\\\/\",\"name\":\"Plantillas de educaci\u00f3n nutricional para profesionales de la salud - Nutritional Coaching\",\"isPartOf\":{\"@id\":\"https:\\\/\\\/nutritionalcoaching.com\\\/#website\"},\"primaryImageOfPage\":{\"@id\":\"https:\\\/\\\/nutritionalcoaching.com\\\/producto\\\/recursos-nutricion-profesionales\\\/#primaryimage\"},\"image\":{\"@id\":\"https:\\\/\\\/nutritionalcoaching.com\\\/producto\\\/recursos-nutricion-profesionales\\\/#primaryimage\"},\"thumbnailUrl\":\"https:\\\/\\\/i0.wp.com\\\/nutritionalcoaching.com\\\/wp-content\\\/uploads\\\/2020\\\/11\\\/Portada-HANDOUTS-DEFINITIVOS-PARA-VENTA.png?fit=1414%2C2000&ssl=1\",\"datePublished\":\"2020-11-19T09:59:47+00:00\",\"dateModified\":\"2025-08-26T17:14:21+00:00\",\"description\":\"Simplifica, ahorra tiempo y disp\u00f3n de material atractivo, educativo y actualizado para tu consulta basado en evidencia cient\u00edfica.\",\"breadcrumb\":{\"@id\":\"https:\\\/\\\/nutritionalcoaching.com\\\/producto\\\/recursos-nutricion-profesionales\\\/#breadcrumb\"},\"inLanguage\":\"en-US\",\"potentialAction\":[{\"@type\":\"ReadAction\",\"target\":[\"https:\\\/\\\/nutritionalcoaching.com\\\/producto\\\/recursos-nutricion-profesionales\\\/\"]}]},{\"@type\":\"ImageObject\",\"inLanguage\":\"en-US\",\"@id\":\"https:\\\/\\\/nutritionalcoaching.com\\\/producto\\\/recursos-nutricion-profesionales\\\/#primaryimage\",\"url\":\"https:\\\/\\\/i0.wp.com\\\/nutritionalcoaching.com\\\/wp-content\\\/uploads\\\/2020\\\/11\\\/Portada-HANDOUTS-DEFINITIVOS-PARA-VENTA.png?fit=1414%2C2000&ssl=1\",\"contentUrl\":\"https:\\\/\\\/i0.wp.com\\\/nutritionalcoaching.com\\\/wp-content\\\/uploads\\\/2020\\\/11\\\/Portada-HANDOUTS-DEFINITIVOS-PARA-VENTA.png?fit=1414%2C2000&ssl=1\",\"width\":1414,\"height\":2000},{\"@type\":\"BreadcrumbList\",\"@id\":\"https:\\\/\\\/nutritionalcoaching.com\\\/producto\\\/recursos-nutricion-profesionales\\\/#breadcrumb\",\"itemListElement\":[{\"@type\":\"ListItem\",\"position\":1,\"name\":\"Home\",\"item\":\"https:\\\/\\\/nutritionalcoaching.com\\\/\"},{\"@type\":\"ListItem\",\"position\":2,\"name\":\"Librer\u00eda\",\"item\":\"https:\\\/\\\/nutritionalcoaching.com\\\/libreria\\\/\"},{\"@type\":\"ListItem\",\"position\":3,\"name\":\"Plantillas de educaci\u00f3n nutricional para profesionales de la salud\"}]},{\"@type\":\"WebSite\",\"@id\":\"https:\\\/\\\/nutritionalcoaching.com\\\/#website\",\"url\":\"https:\\\/\\\/nutritionalcoaching.com\\\/\",\"name\":\"Nutritional Coaching\",\"description\":\"Expertos en nutrici\u00f3n\",\"publisher\":{\"@id\":\"https:\\\/\\\/nutritionalcoaching.com\\\/#organization\"},\"alternateName\":\"Nutritional\",\"potentialAction\":[{\"@type\":\"SearchAction\",\"target\":{\"@type\":\"EntryPoint\",\"urlTemplate\":\"https:\\\/\\\/nutritionalcoaching.com\\\/?s={search_term_string}\"},\"query-input\":{\"@type\":\"PropertyValueSpecification\",\"valueRequired\":true,\"valueName\":\"search_term_string\"}}],\"inLanguage\":\"en-US\"},{\"@type\":\"Organization\",\"@id\":\"https:\\\/\\\/nutritionalcoaching.com\\\/#organization\",\"name\":\"Nutritional Coaching\",\"alternateName\":\"Nutritional\",\"url\":\"https:\\\/\\\/nutritionalcoaching.com\\\/\",\"logo\":{\"@type\":\"ImageObject\",\"inLanguage\":\"en-US\",\"@id\":\"https:\\\/\\\/nutritionalcoaching.com\\\/#\\\/schema\\\/logo\\\/image\\\/\",\"url\":\"https:\\\/\\\/i0.wp.com\\\/nutritionalcoaching.com\\\/wp-content\\\/uploads\\\/2021\\\/11\\\/logo_nutritional.png?fit=300%2C79&ssl=1\",\"contentUrl\":\"https:\\\/\\\/i0.wp.com\\\/nutritionalcoaching.com\\\/wp-content\\\/uploads\\\/2021\\\/11\\\/logo_nutritional.png?fit=300%2C79&ssl=1\",\"width\":300,\"height\":79,\"caption\":\"Nutritional Coaching\"},\"image\":{\"@id\":\"https:\\\/\\\/nutritionalcoaching.com\\\/#\\\/schema\\\/logo\\\/image\\\/\"},\"sameAs\":[\"https:\\\/\\\/www.facebook.com\\\/Nutritional-Coaching-Experts-en-nutrici-93749075049\\\/\",\"https:\\\/\\\/x.com\\\/Nutricioncoach\",\"https:\\\/\\\/www.instagram.com\\\/nutritional_coaching\\\/\",\"https:\\\/\\\/my.linkedin.com\\\/company\\\/nutritional-coaching\",\"https:\\\/\\\/www.youtube.com\\\/user\\\/NUTRITIONALCOACHING\"]}]}<\/script>\n<!-- \/ Yoast SEO plugin. -->","yoast_head_json":{"title":"Plantillas de educaci\u00f3n nutricional para profesionales de la salud - Nutritional Coaching","description":"Simplifica, ahorra tiempo y disp\u00f3n de material atractivo, educativo y actualizado para tu consulta basado en evidencia cient\u00edfica.","robots":{"index":"index","follow":"follow","max-snippet":"max-snippet:-1","max-image-preview":"max-image-preview:large","max-video-preview":"max-video-preview:-1"},"canonical":"https:\/\/nutritionalcoaching.com\/en\/product\/recursos-nutricion-profesionales\/","og_locale":"en_US","og_type":"article","og_title":"Plantillas de educaci\u00f3n nutricional para profesionales de la salud - Nutritional Coaching","og_description":"Simplifica, ahorra tiempo y disp\u00f3n de material atractivo, educativo y actualizado para tu consulta basado en evidencia cient\u00edfica.","og_url":"https:\/\/nutritionalcoaching.com\/en\/product\/recursos-nutricion-profesionales\/","og_site_name":"Nutritional Coaching","article_publisher":"https:\/\/www.facebook.com\/Nutritional-Coaching-Experts-en-nutrici-93749075049\/","article_modified_time":"2025-08-26T17:14:21+00:00","og_image":[{"width":1414,"height":2000,"url":"https:\/\/nutritionalcoaching.com\/wp-content\/uploads\/2020\/11\/Portada-HANDOUTS-DEFINITIVOS-PARA-VENTA.png","type":"image\/png"}],"twitter_card":"summary_large_image","twitter_site":"@Nutricioncoach","schema":{"@context":"https:\/\/schema.org","@graph":[{"@type":"WebPage","@id":"https:\/\/nutritionalcoaching.com\/producto\/recursos-nutricion-profesionales\/","url":"https:\/\/nutritionalcoaching.com\/producto\/recursos-nutricion-profesionales\/","name":"Plantillas de educaci\u00f3n nutricional para profesionales de la salud - Nutritional Coaching","isPartOf":{"@id":"https:\/\/nutritionalcoaching.com\/#website"},"primaryImageOfPage":{"@id":"https:\/\/nutritionalcoaching.com\/producto\/recursos-nutricion-profesionales\/#primaryimage"},"image":{"@id":"https:\/\/nutritionalcoaching.com\/producto\/recursos-nutricion-profesionales\/#primaryimage"},"thumbnailUrl":"https:\/\/i0.wp.com\/nutritionalcoaching.com\/wp-content\/uploads\/2020\/11\/Portada-HANDOUTS-DEFINITIVOS-PARA-VENTA.png?fit=1414%2C2000&ssl=1","datePublished":"2020-11-19T09:59:47+00:00","dateModified":"2025-08-26T17:14:21+00:00","description":"Simplifica, ahorra tiempo y disp\u00f3n de material atractivo, educativo y actualizado para tu consulta basado en evidencia cient\u00edfica.","breadcrumb":{"@id":"https:\/\/nutritionalcoaching.com\/producto\/recursos-nutricion-profesionales\/#breadcrumb"},"inLanguage":"en-US","potentialAction":[{"@type":"ReadAction","target":["https:\/\/nutritionalcoaching.com\/producto\/recursos-nutricion-profesionales\/"]}]},{"@type":"ImageObject","inLanguage":"en-US","@id":"https:\/\/nutritionalcoaching.com\/producto\/recursos-nutricion-profesionales\/#primaryimage","url":"https:\/\/i0.wp.com\/nutritionalcoaching.com\/wp-content\/uploads\/2020\/11\/Portada-HANDOUTS-DEFINITIVOS-PARA-VENTA.png?fit=1414%2C2000&ssl=1","contentUrl":"https:\/\/i0.wp.com\/nutritionalcoaching.com\/wp-content\/uploads\/2020\/11\/Portada-HANDOUTS-DEFINITIVOS-PARA-VENTA.png?fit=1414%2C2000&ssl=1","width":1414,"height":2000},{"@type":"BreadcrumbList","@id":"https:\/\/nutritionalcoaching.com\/producto\/recursos-nutricion-profesionales\/#breadcrumb","itemListElement":[{"@type":"ListItem","position":1,"name":"Home","item":"https:\/\/nutritionalcoaching.com\/"},{"@type":"ListItem","position":2,"name":"Librer\u00eda","item":"https:\/\/nutritionalcoaching.com\/libreria\/"},{"@type":"ListItem","position":3,"name":"Plantillas de educaci\u00f3n nutricional para profesionales de la salud"}]},{"@type":"WebSite","@id":"https:\/\/nutritionalcoaching.com\/#website","url":"https:\/\/nutritionalcoaching.com\/","name":"Nutritional Coaching","description":"Expertos en nutrici\u00f3n","publisher":{"@id":"https:\/\/nutritionalcoaching.com\/#organization"},"alternateName":"Nutritional","potentialAction":[{"@type":"SearchAction","target":{"@type":"EntryPoint","urlTemplate":"https:\/\/nutritionalcoaching.com\/?s={search_term_string}"},"query-input":{"@type":"PropertyValueSpecification","valueRequired":true,"valueName":"search_term_string"}}],"inLanguage":"en-US"},{"@type":"Organization","@id":"https:\/\/nutritionalcoaching.com\/#organization","name":"Nutritional Coaching","alternateName":"Nutritional","url":"https:\/\/nutritionalcoaching.com\/","logo":{"@type":"ImageObject","inLanguage":"en-US","@id":"https:\/\/nutritionalcoaching.com\/#\/schema\/logo\/image\/","url":"https:\/\/i0.wp.com\/nutritionalcoaching.com\/wp-content\/uploads\/2021\/11\/logo_nutritional.png?fit=300%2C79&ssl=1","contentUrl":"https:\/\/i0.wp.com\/nutritionalcoaching.com\/wp-content\/uploads\/2021\/11\/logo_nutritional.png?fit=300%2C79&ssl=1","width":300,"height":79,"caption":"Nutritional Coaching"},"image":{"@id":"https:\/\/nutritionalcoaching.com\/#\/schema\/logo\/image\/"},"sameAs":["https:\/\/www.facebook.com\/Nutritional-Coaching-Experts-en-nutrici-93749075049\/","https:\/\/x.com\/Nutricioncoach","https:\/\/www.instagram.com\/nutritional_coaching\/","https:\/\/my.linkedin.com\/company\/nutritional-coaching","https:\/\/www.youtube.com\/user\/NUTRITIONALCOACHING"]}]}},"jetpack_sharing_enabled":true,"_links":{"self":[{"href":"http:\/\/nutritionalcoaching.com\/en\/wp-json\/wp\/v2\/product\/22353","targetHints":{"allow":["GET"]}}],"collection":[{"href":"http:\/\/nutritionalcoaching.com\/en\/wp-json\/wp\/v2\/product"}],"about":[{"href":"http:\/\/nutritionalcoaching.com\/en\/wp-json\/wp\/v2\/types\/product"}],"replies":[{"embeddable":true,"href":"http:\/\/nutritionalcoaching.com\/en\/wp-json\/wp\/v2\/comments?post=22353"}],"version-history":[{"count":0,"href":"http:\/\/nutritionalcoaching.com\/en\/wp-json\/wp\/v2\/product\/22353\/revisions"}],"wp:featuredmedia":[{"embeddable":true,"href":"http:\/\/nutritionalcoaching.com\/en\/wp-json\/wp\/v2\/media\/22416"}],"wp:attachment":[{"href":"http:\/\/nutritionalcoaching.com\/en\/wp-json\/wp\/v2\/media?parent=22353"}],"wp:term":[{"taxonomy":"product_brand","embeddable":true,"href":"http:\/\/nutritionalcoaching.com\/en\/wp-json\/wp\/v2\/product_brand?post=22353"},{"taxonomy":"product_cat","embeddable":true,"href":"http:\/\/nutritionalcoaching.com\/en\/wp-json\/wp\/v2\/product_cat?post=22353"},{"taxonomy":"product_tag","embeddable":true,"href":"http:\/\/nutritionalcoaching.com\/en\/wp-json\/wp\/v2\/product_tag?post=22353"}],"curies":[{"name":"wp","href":"https:\/\/api.w.org\/{rel}","templated":true}]}}