{"id":15024,"date":"2021-09-21T14:08:46","date_gmt":"2021-09-21T14:08:46","guid":{"rendered":"https:\/\/nutritionalcoaching.einatec.com\/?post_type=product&#038;p=15024"},"modified":"2022-04-14T14:42:03","modified_gmt":"2022-04-14T12:42:03","slug":"e-book-alimentacion-emocional","status":"publish","type":"product","link":"http:\/\/nutritionalcoaching.com\/en\/product\/e-book-alimentacion-emocional\/","title":{"rendered":"E-book Alimentaci\u00f3n emocional"},"content":{"rendered":"<p><strong>Descripci\u00f3n:<\/strong> \u00abEs difi\u0301cil mejorar la alimentacio\u0301n fija\u0301ndote u\u0301nicamente en lo que se come. Tu mirada debe ser ma\u0301s amplia y abrir el enfoque para que\u0301 puedas darte cuenta de que\u0301 esta\u0301 pasando, do\u0301nde esta\u0301s o como te sientes en el momento de comer, antes, durante y despue\u0301s.\u00bb<\/p>","protected":false},"excerpt":{"rendered":"<p><span style=\"color: #1d1717;\">Es difi\u0301cil mejorar la alimentacio\u0301n fija\u0301ndote u\u0301nicamente en lo que se come. Tu mirada debe ser ma\u0301s amplia y abrir el enfoque para que\u0301 puedas darte cuenta de que\u0301 esta\u0301 pasando, do\u0301nde esta\u0301s&#8230;<\/span><\/p>","protected":false},"featured_media":15025,"comment_status":"closed","ping_status":"closed","template":"","meta":{"_joinchat":[]},"product_brand":[],"product_cat":[23,737],"product_tag":[],"class_list":{"0":"post-15024","1":"product","2":"type-product","3":"status-publish","4":"has-post-thumbnail","6":"product_cat-ebooks-gratuitos","7":"product_cat-libreria","9":"first","10":"instock","11":"downloadable","12":"virtual","13":"taxable","14":"purchasable","15":"product-type-simple"},"yoast_head":"<!-- This site is optimized with the Yoast SEO plugin v27.4 - https:\/\/yoast.com\/product\/yoast-seo-wordpress\/ -->\n<title>E-book Alimentaci\u00f3n emocional - Nutritional Coaching<\/title>\n<meta name=\"description\" content=\"E-book Alimentaci\u00f3n emocional. La alimentaci\u00f3n emocional en un pr\u00e1ctico e-book, el cual te ayudar\u00e1 a mejorar tu alimentaci\u00f3n.\" \/>\n<meta name=\"robots\" content=\"index, follow, max-snippet:-1, max-image-preview:large, max-video-preview:-1\" \/>\n<link rel=\"canonical\" href=\"https:\/\/nutritionalcoaching.com\/en\/product\/e-book-alimentacion-emocional\/\" \/>\n<meta property=\"og:locale\" content=\"en_US\" \/>\n<meta property=\"og:type\" content=\"article\" \/>\n<meta property=\"og:title\" content=\"E-book Alimentaci\u00f3n emocional - Nutritional Coaching\" \/>\n<meta property=\"og:description\" content=\"E-book Alimentaci\u00f3n emocional. La alimentaci\u00f3n emocional en un pr\u00e1ctico e-book, el cual te ayudar\u00e1 a mejorar tu alimentaci\u00f3n.\" \/>\n<meta property=\"og:url\" content=\"https:\/\/nutritionalcoaching.com\/en\/product\/e-book-alimentacion-emocional\/\" \/>\n<meta property=\"og:site_name\" content=\"Nutritional Coaching\" \/>\n<meta property=\"article:publisher\" content=\"https:\/\/www.facebook.com\/Nutritional-Coaching-Experts-en-nutrici-93749075049\/\" \/>\n<meta property=\"article:modified_time\" content=\"2022-04-14T12:42:03+00:00\" \/>\n<meta property=\"og:image\" content=\"https:\/\/i0.wp.com\/nutritionalcoaching.com\/wp-content\/uploads\/2021\/09\/E-book-alimentacio\u0301n-emocional.jpg?fit=576%2C726&ssl=1\" \/>\n\t<meta property=\"og:image:width\" content=\"576\" \/>\n\t<meta property=\"og:image:height\" content=\"726\" \/>\n\t<meta property=\"og:image:type\" content=\"image\/jpeg\" \/>\n<meta name=\"twitter:card\" content=\"summary_large_image\" \/>\n<meta name=\"twitter:site\" content=\"@Nutricioncoach\" \/>\n<script type=\"application\/ld+json\" class=\"yoast-schema-graph\">{\"@context\":\"https:\\\/\\\/schema.org\",\"@graph\":[{\"@type\":\"WebPage\",\"@id\":\"https:\\\/\\\/nutritionalcoaching.com\\\/producto\\\/e-book-alimentacion-emocional\\\/\",\"url\":\"https:\\\/\\\/nutritionalcoaching.com\\\/producto\\\/e-book-alimentacion-emocional\\\/\",\"name\":\"E-book Alimentaci\u00f3n emocional - Nutritional Coaching\",\"isPartOf\":{\"@id\":\"https:\\\/\\\/nutritionalcoaching.com\\\/#website\"},\"primaryImageOfPage\":{\"@id\":\"https:\\\/\\\/nutritionalcoaching.com\\\/producto\\\/e-book-alimentacion-emocional\\\/#primaryimage\"},\"image\":{\"@id\":\"https:\\\/\\\/nutritionalcoaching.com\\\/producto\\\/e-book-alimentacion-emocional\\\/#primaryimage\"},\"thumbnailUrl\":\"https:\\\/\\\/i0.wp.com\\\/nutritionalcoaching.com\\\/wp-content\\\/uploads\\\/2021\\\/09\\\/E-book-alimentacio%CC%81n-emocional.jpg?fit=576%2C726&ssl=1\",\"datePublished\":\"2021-09-21T14:08:46+00:00\",\"dateModified\":\"2022-04-14T12:42:03+00:00\",\"description\":\"E-book Alimentaci\u00f3n emocional. La alimentaci\u00f3n emocional en un pr\u00e1ctico e-book, el cual te ayudar\u00e1 a mejorar tu alimentaci\u00f3n.\",\"breadcrumb\":{\"@id\":\"https:\\\/\\\/nutritionalcoaching.com\\\/producto\\\/e-book-alimentacion-emocional\\\/#breadcrumb\"},\"inLanguage\":\"en-US\",\"potentialAction\":[{\"@type\":\"ReadAction\",\"target\":[\"https:\\\/\\\/nutritionalcoaching.com\\\/producto\\\/e-book-alimentacion-emocional\\\/\"]}]},{\"@type\":\"ImageObject\",\"inLanguage\":\"en-US\",\"@id\":\"https:\\\/\\\/nutritionalcoaching.com\\\/producto\\\/e-book-alimentacion-emocional\\\/#primaryimage\",\"url\":\"https:\\\/\\\/i0.wp.com\\\/nutritionalcoaching.com\\\/wp-content\\\/uploads\\\/2021\\\/09\\\/E-book-alimentacio%CC%81n-emocional.jpg?fit=576%2C726&ssl=1\",\"contentUrl\":\"https:\\\/\\\/i0.wp.com\\\/nutritionalcoaching.com\\\/wp-content\\\/uploads\\\/2021\\\/09\\\/E-book-alimentacio%CC%81n-emocional.jpg?fit=576%2C726&ssl=1\",\"width\":576,\"height\":726,\"caption\":\"E-book-alimentacio\u0301n-emocional\"},{\"@type\":\"BreadcrumbList\",\"@id\":\"https:\\\/\\\/nutritionalcoaching.com\\\/producto\\\/e-book-alimentacion-emocional\\\/#breadcrumb\",\"itemListElement\":[{\"@type\":\"ListItem\",\"position\":1,\"name\":\"Home\",\"item\":\"https:\\\/\\\/nutritionalcoaching.com\\\/\"},{\"@type\":\"ListItem\",\"position\":2,\"name\":\"Librer\u00eda\",\"item\":\"https:\\\/\\\/nutritionalcoaching.com\\\/libreria\\\/\"},{\"@type\":\"ListItem\",\"position\":3,\"name\":\"E-book Alimentaci\u00f3n emocional\"}]},{\"@type\":\"WebSite\",\"@id\":\"https:\\\/\\\/nutritionalcoaching.com\\\/#website\",\"url\":\"https:\\\/\\\/nutritionalcoaching.com\\\/\",\"name\":\"Nutritional Coaching\",\"description\":\"Expertos en nutrici\u00f3n\",\"publisher\":{\"@id\":\"https:\\\/\\\/nutritionalcoaching.com\\\/#organization\"},\"alternateName\":\"Nutritional\",\"potentialAction\":[{\"@type\":\"SearchAction\",\"target\":{\"@type\":\"EntryPoint\",\"urlTemplate\":\"https:\\\/\\\/nutritionalcoaching.com\\\/?s={search_term_string}\"},\"query-input\":{\"@type\":\"PropertyValueSpecification\",\"valueRequired\":true,\"valueName\":\"search_term_string\"}}],\"inLanguage\":\"en-US\"},{\"@type\":\"Organization\",\"@id\":\"https:\\\/\\\/nutritionalcoaching.com\\\/#organization\",\"name\":\"Nutritional Coaching\",\"alternateName\":\"Nutritional\",\"url\":\"https:\\\/\\\/nutritionalcoaching.com\\\/\",\"logo\":{\"@type\":\"ImageObject\",\"inLanguage\":\"en-US\",\"@id\":\"https:\\\/\\\/nutritionalcoaching.com\\\/#\\\/schema\\\/logo\\\/image\\\/\",\"url\":\"https:\\\/\\\/i0.wp.com\\\/nutritionalcoaching.com\\\/wp-content\\\/uploads\\\/2021\\\/11\\\/logo_nutritional.png?fit=300%2C79&ssl=1\",\"contentUrl\":\"https:\\\/\\\/i0.wp.com\\\/nutritionalcoaching.com\\\/wp-content\\\/uploads\\\/2021\\\/11\\\/logo_nutritional.png?fit=300%2C79&ssl=1\",\"width\":300,\"height\":79,\"caption\":\"Nutritional Coaching\"},\"image\":{\"@id\":\"https:\\\/\\\/nutritionalcoaching.com\\\/#\\\/schema\\\/logo\\\/image\\\/\"},\"sameAs\":[\"https:\\\/\\\/www.facebook.com\\\/Nutritional-Coaching-Experts-en-nutrici-93749075049\\\/\",\"https:\\\/\\\/x.com\\\/Nutricioncoach\",\"https:\\\/\\\/www.instagram.com\\\/nutritional_coaching\\\/\",\"https:\\\/\\\/my.linkedin.com\\\/company\\\/nutritional-coaching\",\"https:\\\/\\\/www.youtube.com\\\/user\\\/NUTRITIONALCOACHING\"]}]}<\/script>\n<!-- \/ Yoast SEO plugin. -->","yoast_head_json":{"title":"E-book Alimentaci\u00f3n emocional - Nutritional Coaching","description":"E-book Alimentaci\u00f3n emocional. La alimentaci\u00f3n emocional en un pr\u00e1ctico e-book, el cual te ayudar\u00e1 a mejorar tu alimentaci\u00f3n.","robots":{"index":"index","follow":"follow","max-snippet":"max-snippet:-1","max-image-preview":"max-image-preview:large","max-video-preview":"max-video-preview:-1"},"canonical":"https:\/\/nutritionalcoaching.com\/en\/product\/e-book-alimentacion-emocional\/","og_locale":"en_US","og_type":"article","og_title":"E-book Alimentaci\u00f3n emocional - Nutritional Coaching","og_description":"E-book Alimentaci\u00f3n emocional. La alimentaci\u00f3n emocional en un pr\u00e1ctico e-book, el cual te ayudar\u00e1 a mejorar tu alimentaci\u00f3n.","og_url":"https:\/\/nutritionalcoaching.com\/en\/product\/e-book-alimentacion-emocional\/","og_site_name":"Nutritional Coaching","article_publisher":"https:\/\/www.facebook.com\/Nutritional-Coaching-Experts-en-nutrici-93749075049\/","article_modified_time":"2022-04-14T12:42:03+00:00","og_image":[{"width":576,"height":726,"url":"https:\/\/i0.wp.com\/nutritionalcoaching.com\/wp-content\/uploads\/2021\/09\/E-book-alimentacio\u0301n-emocional.jpg?fit=576%2C726&ssl=1","type":"image\/jpeg"}],"twitter_card":"summary_large_image","twitter_site":"@Nutricioncoach","schema":{"@context":"https:\/\/schema.org","@graph":[{"@type":"WebPage","@id":"https:\/\/nutritionalcoaching.com\/producto\/e-book-alimentacion-emocional\/","url":"https:\/\/nutritionalcoaching.com\/producto\/e-book-alimentacion-emocional\/","name":"E-book Alimentaci\u00f3n emocional - Nutritional Coaching","isPartOf":{"@id":"https:\/\/nutritionalcoaching.com\/#website"},"primaryImageOfPage":{"@id":"https:\/\/nutritionalcoaching.com\/producto\/e-book-alimentacion-emocional\/#primaryimage"},"image":{"@id":"https:\/\/nutritionalcoaching.com\/producto\/e-book-alimentacion-emocional\/#primaryimage"},"thumbnailUrl":"https:\/\/i0.wp.com\/nutritionalcoaching.com\/wp-content\/uploads\/2021\/09\/E-book-alimentacio%CC%81n-emocional.jpg?fit=576%2C726&ssl=1","datePublished":"2021-09-21T14:08:46+00:00","dateModified":"2022-04-14T12:42:03+00:00","description":"E-book Alimentaci\u00f3n emocional. La alimentaci\u00f3n emocional en un pr\u00e1ctico e-book, el cual te ayudar\u00e1 a mejorar tu alimentaci\u00f3n.","breadcrumb":{"@id":"https:\/\/nutritionalcoaching.com\/producto\/e-book-alimentacion-emocional\/#breadcrumb"},"inLanguage":"en-US","potentialAction":[{"@type":"ReadAction","target":["https:\/\/nutritionalcoaching.com\/producto\/e-book-alimentacion-emocional\/"]}]},{"@type":"ImageObject","inLanguage":"en-US","@id":"https:\/\/nutritionalcoaching.com\/producto\/e-book-alimentacion-emocional\/#primaryimage","url":"https:\/\/i0.wp.com\/nutritionalcoaching.com\/wp-content\/uploads\/2021\/09\/E-book-alimentacio%CC%81n-emocional.jpg?fit=576%2C726&ssl=1","contentUrl":"https:\/\/i0.wp.com\/nutritionalcoaching.com\/wp-content\/uploads\/2021\/09\/E-book-alimentacio%CC%81n-emocional.jpg?fit=576%2C726&ssl=1","width":576,"height":726,"caption":"E-book-alimentacio\u0301n-emocional"},{"@type":"BreadcrumbList","@id":"https:\/\/nutritionalcoaching.com\/producto\/e-book-alimentacion-emocional\/#breadcrumb","itemListElement":[{"@type":"ListItem","position":1,"name":"Home","item":"https:\/\/nutritionalcoaching.com\/"},{"@type":"ListItem","position":2,"name":"Librer\u00eda","item":"https:\/\/nutritionalcoaching.com\/libreria\/"},{"@type":"ListItem","position":3,"name":"E-book Alimentaci\u00f3n emocional"}]},{"@type":"WebSite","@id":"https:\/\/nutritionalcoaching.com\/#website","url":"https:\/\/nutritionalcoaching.com\/","name":"Nutritional Coaching","description":"Expertos en nutrici\u00f3n","publisher":{"@id":"https:\/\/nutritionalcoaching.com\/#organization"},"alternateName":"Nutritional","potentialAction":[{"@type":"SearchAction","target":{"@type":"EntryPoint","urlTemplate":"https:\/\/nutritionalcoaching.com\/?s={search_term_string}"},"query-input":{"@type":"PropertyValueSpecification","valueRequired":true,"valueName":"search_term_string"}}],"inLanguage":"en-US"},{"@type":"Organization","@id":"https:\/\/nutritionalcoaching.com\/#organization","name":"Nutritional Coaching","alternateName":"Nutritional","url":"https:\/\/nutritionalcoaching.com\/","logo":{"@type":"ImageObject","inLanguage":"en-US","@id":"https:\/\/nutritionalcoaching.com\/#\/schema\/logo\/image\/","url":"https:\/\/i0.wp.com\/nutritionalcoaching.com\/wp-content\/uploads\/2021\/11\/logo_nutritional.png?fit=300%2C79&ssl=1","contentUrl":"https:\/\/i0.wp.com\/nutritionalcoaching.com\/wp-content\/uploads\/2021\/11\/logo_nutritional.png?fit=300%2C79&ssl=1","width":300,"height":79,"caption":"Nutritional Coaching"},"image":{"@id":"https:\/\/nutritionalcoaching.com\/#\/schema\/logo\/image\/"},"sameAs":["https:\/\/www.facebook.com\/Nutritional-Coaching-Experts-en-nutrici-93749075049\/","https:\/\/x.com\/Nutricioncoach","https:\/\/www.instagram.com\/nutritional_coaching\/","https:\/\/my.linkedin.com\/company\/nutritional-coaching","https:\/\/www.youtube.com\/user\/NUTRITIONALCOACHING"]}]}},"jetpack_sharing_enabled":true,"_links":{"self":[{"href":"http:\/\/nutritionalcoaching.com\/en\/wp-json\/wp\/v2\/product\/15024","targetHints":{"allow":["GET"]}}],"collection":[{"href":"http:\/\/nutritionalcoaching.com\/en\/wp-json\/wp\/v2\/product"}],"about":[{"href":"http:\/\/nutritionalcoaching.com\/en\/wp-json\/wp\/v2\/types\/product"}],"replies":[{"embeddable":true,"href":"http:\/\/nutritionalcoaching.com\/en\/wp-json\/wp\/v2\/comments?post=15024"}],"version-history":[{"count":0,"href":"http:\/\/nutritionalcoaching.com\/en\/wp-json\/wp\/v2\/product\/15024\/revisions"}],"wp:featuredmedia":[{"embeddable":true,"href":"http:\/\/nutritionalcoaching.com\/en\/wp-json\/wp\/v2\/media\/15025"}],"wp:attachment":[{"href":"http:\/\/nutritionalcoaching.com\/en\/wp-json\/wp\/v2\/media?parent=15024"}],"wp:term":[{"taxonomy":"product_brand","embeddable":true,"href":"http:\/\/nutritionalcoaching.com\/en\/wp-json\/wp\/v2\/product_brand?post=15024"},{"taxonomy":"product_cat","embeddable":true,"href":"http:\/\/nutritionalcoaching.com\/en\/wp-json\/wp\/v2\/product_cat?post=15024"},{"taxonomy":"product_tag","embeddable":true,"href":"http:\/\/nutritionalcoaching.com\/en\/wp-json\/wp\/v2\/product_tag?post=15024"}],"curies":[{"name":"wp","href":"https:\/\/api.w.org\/{rel}","templated":true}]}}