{"id":215,"date":"2022-05-04T14:16:37","date_gmt":"2022-05-04T12:16:37","guid":{"rendered":"https:\/\/nutritionalcoaching.einatec.com\/?page_id=215"},"modified":"2022-05-04T14:20:00","modified_gmt":"2022-05-04T12:20:00","slug":"reembolso_devoluciones","status":"publish","type":"page","link":"http:\/\/nutritionalcoaching.com\/en\/reembolso_devoluciones\/","title":{"rendered":"Pol\u00edtica de devoluciones y reembolsos"},"content":{"rendered":"<div data-elementor-type=\"wp-page\" data-elementor-id=\"215\" class=\"elementor elementor-215\" data-elementor-post-type=\"page\">\n\t\t\t\t\t\t<section class=\"elementor-section elementor-top-section elementor-element elementor-element-644d12c elementor-section-boxed elementor-section-height-default elementor-section-height-default\" data-id=\"644d12c\" data-element_type=\"section\" data-e-type=\"section\">\n\t\t\t\t\t\t<div class=\"elementor-container elementor-column-gap-default\">\n\t\t\t\t\t<div class=\"elementor-column elementor-col-100 elementor-top-column elementor-element elementor-element-4cb3cfa\" data-id=\"4cb3cfa\" data-element_type=\"column\" data-e-type=\"column\">\n\t\t\t<div class=\"elementor-widget-wrap elementor-element-populated\">\n\t\t\t\t\t\t<section class=\"elementor-section elementor-inner-section elementor-element elementor-element-64d80d4 elementor-section-boxed elementor-section-height-default elementor-section-height-default\" data-id=\"64d80d4\" data-element_type=\"section\" data-e-type=\"section\">\n\t\t\t\t\t\t<div class=\"elementor-container elementor-column-gap-default\">\n\t\t\t\t\t<div class=\"elementor-column elementor-col-50 elementor-inner-column elementor-element elementor-element-4520cd4\" data-id=\"4520cd4\" data-element_type=\"column\" data-e-type=\"column\">\n\t\t\t<div class=\"elementor-widget-wrap elementor-element-populated\">\n\t\t\t\t\t\t<div class=\"elementor-element elementor-element-4716f02 elementor-invisible elementor-widget elementor-widget-heading\" data-id=\"4716f02\" data-element_type=\"widget\" data-e-type=\"widget\" data-settings=\"{&quot;_animation&quot;:&quot;fadeInDown&quot;}\" data-widget_type=\"heading.default\">\n\t\t\t\t<div class=\"elementor-widget-container\">\n\t\t\t\t\t<h2 class=\"elementor-heading-title elementor-size-default\">Pol\u00edtica de devoluciones y reembolsos<\/h2>\t\t\t\t<\/div>\n\t\t\t\t<\/div>\n\t\t\t\t<div class=\"elementor-element elementor-element-6c551cc elementor-widget elementor-widget-breadcrumbs\" data-id=\"6c551cc\" data-element_type=\"widget\" data-e-type=\"widget\" data-widget_type=\"breadcrumbs.default\">\n\t\t\t\t<div class=\"elementor-widget-container\">\n\t\t\t\t\t<p id=\"breadcrumbs\"><span><span><a href=\"https:\/\/nutritionalcoaching.com\/en\/\">Home<\/a><\/span><\/span><\/p>\t\t\t\t<\/div>\n\t\t\t\t<\/div>\n\t\t\t\t\t<\/div>\n\t\t<\/div>\n\t\t\t\t<div class=\"elementor-column elementor-col-50 elementor-inner-column elementor-element elementor-element-126b3d7\" data-id=\"126b3d7\" data-element_type=\"column\" data-e-type=\"column\">\n\t\t\t<div class=\"elementor-widget-wrap\">\n\t\t\t\t\t\t\t<\/div>\n\t\t<\/div>\n\t\t\t\t\t<\/div>\n\t\t<\/section>\n\t\t\t\t\t<\/div>\n\t\t<\/div>\n\t\t\t\t\t<\/div>\n\t\t<\/section>\n\t\t\t\t<section class=\"elementor-section elementor-top-section elementor-element elementor-element-b92326a elementor-section-boxed elementor-section-height-default elementor-section-height-default\" data-id=\"b92326a\" data-element_type=\"section\" data-e-type=\"section\">\n\t\t\t\t\t\t<div class=\"elementor-container elementor-column-gap-default\">\n\t\t\t\t\t<div class=\"elementor-column elementor-col-100 elementor-top-column elementor-element elementor-element-a9f9533\" data-id=\"a9f9533\" data-element_type=\"column\" data-e-type=\"column\">\n\t\t\t<div class=\"elementor-widget-wrap elementor-element-populated\">\n\t\t\t\t\t\t<div class=\"elementor-element elementor-element-4d3d312 elementor-widget elementor-widget-text-editor\" data-id=\"4d3d312\" data-element_type=\"widget\" data-e-type=\"widget\" data-widget_type=\"text-editor.default\">\n\t\t\t\t<div class=\"elementor-widget-container\">\n\t\t\t\t\t\t\t\t\t<p>Las presentes Condiciones Generales de Compra y la Pol\u00edtica de Privacidad regulan el uso del sitio web nutritionalcoaching.com \u2013 www.nutritionalcoaching.com<\/p>\n<p>(en adelante \u00abel Sitio Web\u00bb) del que NUTRITIONAL COACHING SL es titular. Por ello, es conveniente que el cliente lea estas Condiciones Generales antes de proceder a realizar una compra.<\/p>\n<p><b>\u00c1mbito del contrato<\/b><\/p>\n<p>Las presentes Condiciones Generales de Compra se aplican a la venta de todos los productos de nutritionalcoaching.com a trav\u00e9s de su p\u00e1gina web, a consumidores a quienes se les pueda entregar pedidos en Europa y Am\u00e9rica Latina<\/p>\n<p>NUTRITIONAL COACHING SL se reserva el derecho a cancelar la cuenta de acceso de un usuario si se detectan actos fraudulentos, especulativos o de mala fe en la utilizaci\u00f3n de este servicio.<\/p>\n<p><b>L\u00edmite de compra<\/b><\/p>\n<p>Por razones de seguridad, no pueden realizarse compras superiores a 500\u20ac ni con m\u00e1s de 10 art\u00edculos por pedido.<\/p>\n<p><b>Precio<\/b><\/p>\n<p>Los precios aplicables son los indicados en la p\u00e1gina web en la fecha del pedido. Los precios que aparecen detallados en cada producto incluyen el I.V.A. (Impuesto sobre Valor A\u00f1adido) y los gastos de env\u00edo. NUTRITIONAL COACHING SL se reserva el derecho de efectuar, en cualquier momento y sin previo aviso, las modificaciones que considere oportunas, pudiendo actualizar, incluso diariamente, productos y precios en funci\u00f3n de las novedades que vayan apareciendo. En el caso de env\u00edos a Canarias, Ceuta y Melilla, el cliente deber\u00e1 abonar los gastos de aduana correspondientes, los cuales variar\u00e1n en funci\u00f3n del peso del env\u00edo. Lo mismo ocurre con Suiza y Noruega, en cuyo caso el importe de los gastos de aduana depende del importe total del pedido.<\/p>\n<p><b>Pago<\/b><\/p>\n<p>Todas las compras se pueden pagar con tarjeta de cr\u00e9dito Visa\u00ae, Mastercard\u00ae o American Express\u00ae as\u00ed como con tarjeta de d\u00e9bito 4B o 4B Maestro (lo que implica un cargo autom\u00e1tico), transferencia y Sistema PayPal. En cualquier caso, la elecci\u00f3n del medio de pago se realiza, durante el proceso de compra, en la pantalla correspondiente. El cliente debe notificar a NUTRITIONAL COACHING SL cualquier cargo indebido o fraudulento en la tarjeta utilizada para las compras, mediante e-mail o v\u00eda telef\u00f3nica, en el menor plazo posible para que NUTRITIONAL COACHING SL pueda realizar las gestiones oportunas.<\/p>\n<p>Adicionalmente los proveedores o emisores de medios de pago pueden adoptar medidas antifraude, que conlleven el rechazo de cierto tipo de operaciones.<\/p>\n<p>NUTRITIONAL COACHING \u00a0SL no es responsable de la aplicaci\u00f3n de este tipo de pol\u00edticas de seguridad.<\/p>\n<p><b>Disponibilidad de los productos<\/b><\/p>\n<p>Todos los pedidos est\u00e1n sujetos a disponibilidad de los productos. Si se producen incidencias en cuanto a su suministro, se informar\u00e1 inmediatamente al cliente y se proceder\u00e1 al reembolso de cualquier cantidad que hubiera podido haber abonado.<\/p>\n<p><b>Entrega<\/b><\/p>\n<p>La entrega se realizar\u00e1 en la direcci\u00f3n indicada por el cliente, que puede ser distinta a la de su residencia habitual, pudi\u00e9ndose enviar a su lugar de trabajo o incluso a una tercera persona a la que se desee hacer un regalo. En cualquiera de los supuestos se exigir\u00e1 la identificaci\u00f3n del comprador o de la persona a la que se dirige el producto mediante documento oficial que le identifique y firma del albar\u00e1n de entrega. El plazo de entrega que se fije en el Sitio Web tendr\u00e1 car\u00e1cter meramente indicativo. No obstante, nutritionalcoaching.com se esforzar\u00e1 por respetar ese plazo, no siendo responsable en caso de sobrepasar el plazo inicialmente estimado.<\/p>\n<p>En el caso de entregas a Islas Canarias, Ceuta y Melilla, el cliente deber\u00e1 pagar los gastos de aduana correspondientes en el momento de recibir el pedido. Estos var\u00edan en funci\u00f3n del peso del pedido y pueden suponer unos 20\u20ac. Lo mismo ocurre para env\u00edos a Suiza y Noruega: en este caso los costes suponen un 7,5% del total del pedido, aproximadamente. En caso de que el cliente no retire el pedido una vez \u00e9ste se encuentre en la aduana, correr\u00e1 con los gastos que genere su retorno al almac\u00e9n de NUTRITIONAL COACHING \u00a0SL en Barcelona (Espa\u00f1a) Estos gastos se descontar\u00e1n del importe de la devoluci\u00f3n de su compra.<\/p>\n<p><b>Cambios y devoluciones (en caso de defecto)<\/b><\/p>\n<p>Pedidos entregados en Espa\u00f1a:<\/p>\n<p>-A trav\u00e9s de Internet: Dispones de un plazo de 2 d\u00edas laborables desde la fecha de recepci\u00f3n del pedido para devolverlo y\/o proceder a su cambio a trav\u00e9s de Internet. Ponte en contacto con nuestro Servicio de Atenci\u00f3n al Cliente y pasaremos a recoger tu compra a la direcci\u00f3n de entrega que indicaste.<\/p>\n<p>Pedidos entregados en la U.E:<\/p>\n<p>-A trav\u00e9s de Internet: Dispones de un plazo de 2 d\u00edas laborales desde la fecha de recepci\u00f3n del pedido. Para ello, debes enviar los libros no deseadas a NUTRITIONAL COACHING \u00a0SL en C\/Muntaner 81 5-2 08011 \/ Barcelona, por el medio de transporte que prefieras (los gastos de devoluci\u00f3n son a cargo del cliente).<\/p>\n<p>Portugal, Suiza y Noruega: Dispones de un plazo de 2 d\u00edas laborales desde la fecha de recepci\u00f3n del pedido. Para ello, debes enviar los libros no deseados a NUTRITIONAL COACHING \u00a0SL en C\/Muntaner 81 5-2 08011 \/ Barcelona, por el medio de transporte que prefieras (los gastos de devoluci\u00f3n son a cargo del cliente).<\/p>\n<p>Para el resto de pa\u00edses: Dispones de un plazo de 2 d\u00edas laborales desde la fecha de recepci\u00f3n del pedido. Para ello, debes enviar los libros no deseados a NUTRITIONAL COACHING \u00a0SL en C\/Muntaner 81 5-2 08011 \/ Barcelona, por el medio de transporte que prefieras (los gastos de devoluci\u00f3n son a cargo del cliente).<\/p>\n<p>Tanto para Espa\u00f1a como para el resto de la U.E: En las devoluciones o cambios a trav\u00e9s de Internet es necesario incluir cumplimentado el albar\u00e1n de devoluci\u00f3n\/desestimiento adjunto al env\u00edo. En ning\u00fan caso se devuelven los gastos de devoluci\u00f3n ni los gastos de aduana, si los hubiera.<\/p>\n<p><b>Garant\u00eda de los productos adquiridos<\/b><\/p>\n<p>La garant\u00eda contractual ofrecida es la que se establece en el Real Decreto Legislativo 1\/2007, de 16 de noviembre, por el que se aprueba el texto refundido de la Ley General para la Defensa de los Consumidores y Usuarios.<\/p>\n<p>NUTRITIONAL COACHING SL responder\u00e1 de las faltas de conformidad que se manifiesten en el plazo de dos a\u00f1os desde la entrega, siempre y cuando el cliente haya informado a NUTRITIONAL COACHING SL de dicha falta de conformidad en el plazo de dos meses desde que tuvo conocimiento de ella.<\/p>\n<p><b>Atenci\u00f3n al Cliente<\/b><\/p>\n<p>Para cualquier duda, sugerencia, reclamaci\u00f3n o consulta sobre la tienda on line, puede dirigirse al Servicio de Atenci\u00f3n al Cliente a trav\u00e9s del correo electr\u00f3nico info@nutritionalcoaching.com. nutritionalcoaching.com atender\u00e1 su solicitud a la mayor brevedad posible y, en todo caso, antes del plazo de un mes. En caso de que su solicitud no sea resuelta satisfactoriamente, podr\u00e1 acudir a los juzgados y tribunales que se indican a continuaci\u00f3n.<\/p>\n<p><b>Ley Aplicable y jurisdicci\u00f3n<\/b><\/p>\n<p>Las presentes Condiciones Generales de Compra est\u00e1n sometidas a la legislaci\u00f3n espa\u00f1ola. Las partes se someten, a su elecci\u00f3n, para la resoluci\u00f3n de los conflictos y con renuncia a cualquier otro fuero, a los juzgados y tribunales de Barcelona.<\/p>\t\t\t\t\t\t\t\t<\/div>\n\t\t\t\t<\/div>\n\t\t\t\t\t<\/div>\n\t\t<\/div>\n\t\t\t\t\t<\/div>\n\t\t<\/section>\n\t\t\t\t<\/div>","protected":false},"excerpt":{"rendered":"<p>Pol\u00edtica de devoluciones y reembolsos Las presentes Condiciones Generales de Compra y la Pol\u00edtica de Privacidad regulan el uso del sitio web nutritionalcoaching.com \u2013 www.nutritionalcoaching.com (en adelante \u00abel Sitio Web\u00bb) del que NUTRITIONAL COACHING SL es titular. Por ello, es conveniente que el cliente lea estas Condiciones Generales antes de proceder a realizar una compra. [&hellip;]<\/p>\n","protected":false},"author":617,"featured_media":0,"parent":0,"menu_order":0,"comment_status":"closed","ping_status":"closed","template":"","meta":{"_joinchat":[],"footnotes":""},"class_list":["post-215","page","type-page","status-publish","hentry"],"yoast_head":"<!-- This site is optimized with the Yoast SEO plugin v27.3 - https:\/\/yoast.com\/product\/yoast-seo-wordpress\/ -->\n<title>Pol\u00edtica de devoluciones y reembolsos - Nutritional Coaching<\/title>\n<meta name=\"description\" content=\"En Nutritional Coaching te acompa\u00f1amos en tu camino de cambio con Pol\u00edtica de devoluciones y reembolsos para que logres tus objetivos.\" \/>\n<meta name=\"robots\" content=\"noindex, nofollow\" \/>\n<meta property=\"og:locale\" content=\"en_US\" \/>\n<meta property=\"og:type\" content=\"article\" \/>\n<meta property=\"og:title\" content=\"Pol\u00edtica de devoluciones y reembolsos - Nutritional Coaching\" \/>\n<meta property=\"og:description\" content=\"En Nutritional Coaching te acompa\u00f1amos en tu camino de cambio con Pol\u00edtica de devoluciones y reembolsos para que logres tus objetivos.\" \/>\n<meta property=\"og:url\" content=\"https:\/\/nutritionalcoaching.com\/en\/reembolso_devoluciones\/\" \/>\n<meta property=\"og:site_name\" content=\"Nutritional Coaching\" \/>\n<meta property=\"article:publisher\" content=\"https:\/\/www.facebook.com\/Nutritional-Coaching-Experts-en-nutrici-93749075049\/\" \/>\n<meta property=\"article:modified_time\" content=\"2022-05-04T12:20:00+00:00\" \/>\n<meta name=\"twitter:card\" content=\"summary_large_image\" \/>\n<meta name=\"twitter:site\" content=\"@Nutricioncoach\" \/>\n<script type=\"application\/ld+json\" class=\"yoast-schema-graph\">{\"@context\":\"https:\\\/\\\/schema.org\",\"@graph\":[{\"@type\":\"WebPage\",\"@id\":\"https:\\\/\\\/nutritionalcoaching.com\\\/reembolso_devoluciones\\\/\",\"url\":\"https:\\\/\\\/nutritionalcoaching.com\\\/reembolso_devoluciones\\\/\",\"name\":\"Pol\u00edtica de devoluciones y reembolsos - Nutritional Coaching\",\"isPartOf\":{\"@id\":\"https:\\\/\\\/nutritionalcoaching.com\\\/#website\"},\"datePublished\":\"2022-05-04T12:16:37+00:00\",\"dateModified\":\"2022-05-04T12:20:00+00:00\",\"description\":\"En Nutritional Coaching te acompa\u00f1amos en tu camino de cambio con Pol\u00edtica de devoluciones y reembolsos para que logres tus objetivos.\",\"breadcrumb\":{\"@id\":\"https:\\\/\\\/nutritionalcoaching.com\\\/reembolso_devoluciones\\\/#breadcrumb\"},\"inLanguage\":\"en-US\",\"potentialAction\":[{\"@type\":\"ReadAction\",\"target\":[\"https:\\\/\\\/nutritionalcoaching.com\\\/reembolso_devoluciones\\\/\"]}]},{\"@type\":\"BreadcrumbList\",\"@id\":\"https:\\\/\\\/nutritionalcoaching.com\\\/reembolso_devoluciones\\\/#breadcrumb\",\"itemListElement\":[{\"@type\":\"ListItem\",\"position\":1,\"name\":\"Home\",\"item\":\"https:\\\/\\\/nutritionalcoaching.com\\\/\"},{\"@type\":\"ListItem\",\"position\":2,\"name\":\"Pol\u00edtica de devoluciones y reembolsos\"}]},{\"@type\":\"WebSite\",\"@id\":\"https:\\\/\\\/nutritionalcoaching.com\\\/#website\",\"url\":\"https:\\\/\\\/nutritionalcoaching.com\\\/\",\"name\":\"Nutritional Coaching\",\"description\":\"Expertos en nutrici\u00f3n\",\"publisher\":{\"@id\":\"https:\\\/\\\/nutritionalcoaching.com\\\/#organization\"},\"alternateName\":\"Nutritional\",\"potentialAction\":[{\"@type\":\"SearchAction\",\"target\":{\"@type\":\"EntryPoint\",\"urlTemplate\":\"https:\\\/\\\/nutritionalcoaching.com\\\/?s={search_term_string}\"},\"query-input\":{\"@type\":\"PropertyValueSpecification\",\"valueRequired\":true,\"valueName\":\"search_term_string\"}}],\"inLanguage\":\"en-US\"},{\"@type\":\"Organization\",\"@id\":\"https:\\\/\\\/nutritionalcoaching.com\\\/#organization\",\"name\":\"Nutritional Coaching\",\"alternateName\":\"Nutritional\",\"url\":\"https:\\\/\\\/nutritionalcoaching.com\\\/\",\"logo\":{\"@type\":\"ImageObject\",\"inLanguage\":\"en-US\",\"@id\":\"https:\\\/\\\/nutritionalcoaching.com\\\/#\\\/schema\\\/logo\\\/image\\\/\",\"url\":\"https:\\\/\\\/i0.wp.com\\\/nutritionalcoaching.com\\\/wp-content\\\/uploads\\\/2021\\\/11\\\/logo_nutritional.png?fit=300%2C79&ssl=1\",\"contentUrl\":\"https:\\\/\\\/i0.wp.com\\\/nutritionalcoaching.com\\\/wp-content\\\/uploads\\\/2021\\\/11\\\/logo_nutritional.png?fit=300%2C79&ssl=1\",\"width\":300,\"height\":79,\"caption\":\"Nutritional Coaching\"},\"image\":{\"@id\":\"https:\\\/\\\/nutritionalcoaching.com\\\/#\\\/schema\\\/logo\\\/image\\\/\"},\"sameAs\":[\"https:\\\/\\\/www.facebook.com\\\/Nutritional-Coaching-Experts-en-nutrici-93749075049\\\/\",\"https:\\\/\\\/x.com\\\/Nutricioncoach\",\"https:\\\/\\\/www.instagram.com\\\/nutritional_coaching\\\/\",\"https:\\\/\\\/my.linkedin.com\\\/company\\\/nutritional-coaching\",\"https:\\\/\\\/www.youtube.com\\\/user\\\/NUTRITIONALCOACHING\"]}]}<\/script>\n<!-- \/ Yoast SEO plugin. -->","yoast_head_json":{"title":"Pol\u00edtica de devoluciones y reembolsos - Nutritional Coaching","description":"En Nutritional Coaching te acompa\u00f1amos en tu camino de cambio con Pol\u00edtica de devoluciones y reembolsos para que logres tus objetivos.","robots":{"index":"noindex","follow":"nofollow"},"og_locale":"en_US","og_type":"article","og_title":"Pol\u00edtica de devoluciones y reembolsos - Nutritional Coaching","og_description":"En Nutritional Coaching te acompa\u00f1amos en tu camino de cambio con Pol\u00edtica de devoluciones y reembolsos para que logres tus objetivos.","og_url":"https:\/\/nutritionalcoaching.com\/en\/reembolso_devoluciones\/","og_site_name":"Nutritional Coaching","article_publisher":"https:\/\/www.facebook.com\/Nutritional-Coaching-Experts-en-nutrici-93749075049\/","article_modified_time":"2022-05-04T12:20:00+00:00","twitter_card":"summary_large_image","twitter_site":"@Nutricioncoach","schema":{"@context":"https:\/\/schema.org","@graph":[{"@type":"WebPage","@id":"https:\/\/nutritionalcoaching.com\/reembolso_devoluciones\/","url":"https:\/\/nutritionalcoaching.com\/reembolso_devoluciones\/","name":"Pol\u00edtica de devoluciones y reembolsos - Nutritional Coaching","isPartOf":{"@id":"https:\/\/nutritionalcoaching.com\/#website"},"datePublished":"2022-05-04T12:16:37+00:00","dateModified":"2022-05-04T12:20:00+00:00","description":"En Nutritional Coaching te acompa\u00f1amos en tu camino de cambio con Pol\u00edtica de devoluciones y reembolsos para que logres tus objetivos.","breadcrumb":{"@id":"https:\/\/nutritionalcoaching.com\/reembolso_devoluciones\/#breadcrumb"},"inLanguage":"en-US","potentialAction":[{"@type":"ReadAction","target":["https:\/\/nutritionalcoaching.com\/reembolso_devoluciones\/"]}]},{"@type":"BreadcrumbList","@id":"https:\/\/nutritionalcoaching.com\/reembolso_devoluciones\/#breadcrumb","itemListElement":[{"@type":"ListItem","position":1,"name":"Home","item":"https:\/\/nutritionalcoaching.com\/"},{"@type":"ListItem","position":2,"name":"Pol\u00edtica de devoluciones y reembolsos"}]},{"@type":"WebSite","@id":"https:\/\/nutritionalcoaching.com\/#website","url":"https:\/\/nutritionalcoaching.com\/","name":"Nutritional Coaching","description":"Expertos en nutrici\u00f3n","publisher":{"@id":"https:\/\/nutritionalcoaching.com\/#organization"},"alternateName":"Nutritional","potentialAction":[{"@type":"SearchAction","target":{"@type":"EntryPoint","urlTemplate":"https:\/\/nutritionalcoaching.com\/?s={search_term_string}"},"query-input":{"@type":"PropertyValueSpecification","valueRequired":true,"valueName":"search_term_string"}}],"inLanguage":"en-US"},{"@type":"Organization","@id":"https:\/\/nutritionalcoaching.com\/#organization","name":"Nutritional Coaching","alternateName":"Nutritional","url":"https:\/\/nutritionalcoaching.com\/","logo":{"@type":"ImageObject","inLanguage":"en-US","@id":"https:\/\/nutritionalcoaching.com\/#\/schema\/logo\/image\/","url":"https:\/\/i0.wp.com\/nutritionalcoaching.com\/wp-content\/uploads\/2021\/11\/logo_nutritional.png?fit=300%2C79&ssl=1","contentUrl":"https:\/\/i0.wp.com\/nutritionalcoaching.com\/wp-content\/uploads\/2021\/11\/logo_nutritional.png?fit=300%2C79&ssl=1","width":300,"height":79,"caption":"Nutritional Coaching"},"image":{"@id":"https:\/\/nutritionalcoaching.com\/#\/schema\/logo\/image\/"},"sameAs":["https:\/\/www.facebook.com\/Nutritional-Coaching-Experts-en-nutrici-93749075049\/","https:\/\/x.com\/Nutricioncoach","https:\/\/www.instagram.com\/nutritional_coaching\/","https:\/\/my.linkedin.com\/company\/nutritional-coaching","https:\/\/www.youtube.com\/user\/NUTRITIONALCOACHING"]}]}},"jetpack_sharing_enabled":true,"_links":{"self":[{"href":"http:\/\/nutritionalcoaching.com\/en\/wp-json\/wp\/v2\/pages\/215","targetHints":{"allow":["GET"]}}],"collection":[{"href":"http:\/\/nutritionalcoaching.com\/en\/wp-json\/wp\/v2\/pages"}],"about":[{"href":"http:\/\/nutritionalcoaching.com\/en\/wp-json\/wp\/v2\/types\/page"}],"author":[{"embeddable":true,"href":"http:\/\/nutritionalcoaching.com\/en\/wp-json\/wp\/v2\/users\/617"}],"replies":[{"embeddable":true,"href":"http:\/\/nutritionalcoaching.com\/en\/wp-json\/wp\/v2\/comments?post=215"}],"version-history":[{"count":0,"href":"http:\/\/nutritionalcoaching.com\/en\/wp-json\/wp\/v2\/pages\/215\/revisions"}],"wp:attachment":[{"href":"http:\/\/nutritionalcoaching.com\/en\/wp-json\/wp\/v2\/media?parent=215"}],"curies":[{"name":"wp","href":"https:\/\/api.w.org\/{rel}","templated":true}]}}